{"id":15,"date":"2019-02-08T03:31:50","date_gmt":"2019-02-08T03:31:50","guid":{"rendered":"https:\/\/www.aplusdentalkids.com\/?page_id=15"},"modified":"2019-08-16T18:34:12","modified_gmt":"2019-08-16T18:34:12","slug":"patient-education","status":"publish","type":"page","link":"https:\/\/www.aplusdentalkids.com\/es\/patient-education\/","title":{"rendered":"Educaci\u00f3n del paciente"},"content":{"rendered":"<div class=\"wpb-content-wrapper\"><section data-vc-full-width=\"true\" data-vc-full-width-temp=\"true\" data-vc-full-width-init=\"false\" class=\"vc_section vc_custom_1531383666095 vc_section-has-fill\"><div data-vc-full-width=\"true\" data-vc-full-width-temp=\"true\" data-vc-full-width-init=\"false\" class=\"vc_row wpb_row vc_row-fluid background-position-left-top vc_custom_1532321716178 vc_row-has-fill\"><div class=\"wpb_column vc_column_container vc_col-sm-5\"><div class=\"vc_column-inner vc_custom_1531387745299\"><div class=\"wpb_wrapper\">\n\t<div  class=\"wpb_single_image wpb_content_element vc_align_left wpb_content_element vc_custom_1553587052569  full-width-image\">\n\t\t\n\t\t<figure class=\"wpb_wrapper vc_figure\">\n\t\t\t<div class=\"vc_single_image-wrapper   vc_box_border_grey\"><img fetchpriority=\"high\" decoding=\"async\" width=\"412\" height=\"338\" src=\"https:\/\/www.aplusdentalkids.com\/wp-content\/uploads\/2018\/07\/detail-treatment.png\" class=\"vc_single_image-img attachment-full\" alt=\"\" title=\"tratamiento de detalle\" \/><\/div>\n\t\t<\/figure>\n\t<\/div>\n<\/div><\/div><\/div><div class=\"wpb_column vc_column_container vc_col-sm-7\"><div class=\"vc_column-inner vc_custom_1553587260395\"><div class=\"wpb_wrapper\"><h2 style=\"font-size: 34px;color: #373737;line-height: 40px;text-align: left\" class=\"vc_custom_heading vc_do_custom_heading font-weight-bold wpb_animate_when_almost_visible wpb_fadeInUp fadeInUp vc_custom_1553587221715\" >La prevenci\u00f3n es el mejor tratamiento<\/h2><p style=\"font-size: 20px;color: #373737;line-height: 22px;text-align: left\" class=\"vc_custom_heading vc_do_custom_heading wpb_animate_when_almost_visible wpb_fadeInUp fadeInUp vc_custom_1553587614220\" >Con una limpieza rutinaria en la oficina y h\u00e1bitos bucales saludables en casa, tu hijo sin duda tendr\u00e1 una sonrisa hermosa y saludable.<\/p>\n\t<div class=\"wpb_text_column wpb_content_element wpb_animate_when_almost_visible wpb_fadeInUp fadeInUp vc_custom_1553585733359\" >\n\t\t<div class=\"wpb_wrapper\">\n\t\t\t<p><span style=\"font-weight: 400;\">En A+ Dental nos especializamos en ense\u00f1ar una adecuada higiene bucal y limpieza dental. Se debe prestar especial cuidado a los dientes j\u00f3venes y se debe ense\u00f1ar a los ni\u00f1os c\u00f3mo mantenerlos limpios y sanos. Tan pronto como el ni\u00f1o pueda, ense\u00f1arle a cepillarse los dientes le permitir\u00e1 tener una buena higiene bucal por el resto de su vida.<\/span><\/p>\n\n\t\t<\/div>\n\t<\/div>\n<\/div><\/div><\/div><\/div><div class=\"vc_row-full-width vc_clearfix\"><\/div><\/section><div class=\"vc_row-full-width vc_clearfix\"><\/div><section data-vc-full-width=\"true\" data-vc-full-width-temp=\"true\" data-vc-full-width-init=\"false\" class=\"vc_section vc_custom_1553587332293 vc_section-has-fill\"><div class=\"vc_row wpb_row vc_row-fluid\"><div class=\"wpb_column vc_column_container vc_col-sm-12\"><div class=\"vc_column-inner\"><div class=\"wpb_wrapper\"><h2 style=\"color: #ffffff;text-align: center\" class=\"vc_custom_heading vc_do_custom_heading wpb_animate_when_almost_visible wpb_bounceIn bounceIn\" >Recursos \u00fatiles<\/h2><\/div><\/div><\/div><\/div><div data-vc-full-width=\"true\" data-vc-full-width-temp=\"true\" data-vc-full-width-init=\"false\" class=\"vc_row wpb_row vc_row-fluid vc_custom_1532321602839 vc_column-gap-30\"><div class=\"wpb_column vc_column_container vc_col-sm-12\"><div class=\"vc_column-inner vc_custom_1531388415106\"><div class=\"wpb_wrapper\"><div class=\"vc_row wpb_row vc_inner vc_row-fluid vc_column-gap-30\"><div class=\"hover-box wpb_column vc_column_container vc_col-sm-6\"><div class=\"vc_column-inner vc_custom_1533719198658\"><div class=\"wpb_wrapper\">\n\t<div  class=\"wpb_single_image wpb_content_element vc_align_left wpb_content_element vc_custom_1553586069845\">\n\t\t\n\t\t<figure class=\"wpb_wrapper vc_figure\">\n\t\t\t<a href=\"https:\/\/www.aplusdentalkids.com\/es\/patient-education\/how-to-brush-your-teeth\/\" target=\"_self\" class=\"vc_single_image-wrapper   vc_box_border_grey\"><img decoding=\"async\" width=\"1500\" height=\"1000\" src=\"https:\/\/www.aplusdentalkids.com\/wp-content\/uploads\/2019\/03\/27.png\" class=\"vc_single_image-img attachment-full\" alt=\"father and daughter brushing teeth\" title=\"27\" srcset=\"https:\/\/www.aplusdentalkids.com\/wp-content\/uploads\/2019\/03\/27.png 1500w, https:\/\/www.aplusdentalkids.com\/wp-content\/uploads\/2019\/03\/27-300x200.png 300w, https:\/\/www.aplusdentalkids.com\/wp-content\/uploads\/2019\/03\/27-768x512.png 768w, https:\/\/www.aplusdentalkids.com\/wp-content\/uploads\/2019\/03\/27-1024x683.png 1024w, https:\/\/www.aplusdentalkids.com\/wp-content\/uploads\/2019\/03\/27-600x400.png 600w\" sizes=\"(max-width: 1500px) 100vw, 1500px\" \/><\/a>\n\t\t<\/figure>\n\t<\/div>\n<h3 style=\"font-size: 22px;color: #ffffff;line-height: 24px;text-align: left\" class=\"vc_custom_heading vc_do_custom_heading overlay-heading vc_custom_1553586926440\" ><a href=\"https:\/\/www.aplusdentalkids.com\/es\/patient-education\/how-to-brush-your-teeth\/\" title=\"C\u00f3mo cepillarse los dientes\">C\u00f3mo cepillarse los dientes<\/a><\/h3><\/div><\/div><\/div><div class=\"hover-box wpb_column vc_column_container vc_col-sm-6\"><div class=\"vc_column-inner vc_custom_1532158039673\"><div class=\"wpb_wrapper\">\n\t<div  class=\"wpb_single_image wpb_content_element vc_align_left wpb_content_element vc_custom_1553586331949\">\n\t\t\n\t\t<figure class=\"wpb_wrapper vc_figure\">\n\t\t\t<a href=\"https:\/\/www.aplusdentalkids.com\/es\/patient-education\/how-to-floss-your-teeth\/\" target=\"_self\" class=\"vc_single_image-wrapper vc_box_shadow  vc_box_border_grey\"><img decoding=\"async\" width=\"3664\" height=\"2443\" src=\"https:\/\/www.aplusdentalkids.com\/wp-content\/uploads\/2019\/03\/children-cute-enjoyment-1432697.jpg\" class=\"vc_single_image-img attachment-full\" alt=\"\" title=\"ni\u00f1os-lindo-disfrute-1432697\" srcset=\"https:\/\/www.aplusdentalkids.com\/wp-content\/uploads\/2019\/03\/children-cute-enjoyment-1432697.jpg 3664w, https:\/\/www.aplusdentalkids.com\/wp-content\/uploads\/2019\/03\/children-cute-enjoyment-1432697-300x200.jpg 300w, https:\/\/www.aplusdentalkids.com\/wp-content\/uploads\/2019\/03\/children-cute-enjoyment-1432697-768x512.jpg 768w, https:\/\/www.aplusdentalkids.com\/wp-content\/uploads\/2019\/03\/children-cute-enjoyment-1432697-1024x683.jpg 1024w, https:\/\/www.aplusdentalkids.com\/wp-content\/uploads\/2019\/03\/children-cute-enjoyment-1432697-600x400.jpg 600w\" sizes=\"(max-width: 3664px) 100vw, 3664px\" \/><\/a>\n\t\t<\/figure>\n\t<\/div>\n<h3 style=\"font-size: 22px;color: #ffffff;line-height: 24px;text-align: left\" class=\"vc_custom_heading vc_do_custom_heading overlay-heading vc_custom_1553586939805\" ><a href=\"https:\/\/www.aplusdentalkids.com\/es\/patient-education\/how-to-floss-your-teeth\/\" title=\"C\u00f3mo usar hilo dental\">C\u00f3mo usar hilo dental<\/a><\/h3><\/div><\/div><\/div><\/div><div class=\"vc_row wpb_row vc_inner vc_row-fluid vc_column-gap-30\"><div class=\"hover-box wpb_column vc_column_container vc_col-sm-6\"><div class=\"vc_column-inner vc_custom_1533719198658\"><div class=\"wpb_wrapper\">\n\t<div  class=\"wpb_single_image wpb_content_element vc_align_left wpb_content_element vc_custom_1553586547200\">\n\t\t\n\t\t<figure class=\"wpb_wrapper vc_figure\">\n\t\t\t<a href=\"https:\/\/www.aplusdentalkids.com\/es\/patient-education\/fluoride-and-decay-prevention\/\" target=\"_self\" class=\"vc_single_image-wrapper   vc_box_border_grey\"><img loading=\"lazy\" decoding=\"async\" width=\"1500\" height=\"1000\" src=\"https:\/\/www.aplusdentalkids.com\/wp-content\/uploads\/2019\/03\/12-1.png\" class=\"vc_single_image-img attachment-full\" alt=\"\" title=\"12\" srcset=\"https:\/\/www.aplusdentalkids.com\/wp-content\/uploads\/2019\/03\/12-1.png 1500w, https:\/\/www.aplusdentalkids.com\/wp-content\/uploads\/2019\/03\/12-1-300x200.png 300w, https:\/\/www.aplusdentalkids.com\/wp-content\/uploads\/2019\/03\/12-1-768x512.png 768w, https:\/\/www.aplusdentalkids.com\/wp-content\/uploads\/2019\/03\/12-1-1024x683.png 1024w, https:\/\/www.aplusdentalkids.com\/wp-content\/uploads\/2019\/03\/12-1-600x400.png 600w\" sizes=\"(max-width: 1500px) 100vw, 1500px\" \/><\/a>\n\t\t<\/figure>\n\t<\/div>\n<h3 style=\"font-size: 22px;color: #ffffff;line-height: 24px;text-align: left\" class=\"vc_custom_heading vc_do_custom_heading overlay-heading vc_custom_1553586958188\" ><a href=\"https:\/\/www.aplusdentalkids.com\/es\/patient-education\/fluoride-and-decay-prevention\/\" title=\"C\u00f3mo cepillarse los dientes\">Prevenci\u00f3n de fluoruro y caries<\/a><\/h3><\/div><\/div><\/div><div class=\"hover-box wpb_column vc_column_container vc_col-sm-6\"><div class=\"vc_column-inner vc_custom_1532158039673\"><div class=\"wpb_wrapper\">\n\t<div  class=\"wpb_single_image wpb_content_element vc_align_left wpb_content_element vc_custom_1553586655206\">\n\t\t\n\t\t<figure class=\"wpb_wrapper vc_figure\">\n\t\t\t<a href=\"https:\/\/www.aplusdentalkids.com\/es\/patient-education\/dental-health-and-your-diet\/\" target=\"_self\" class=\"vc_single_image-wrapper vc_box_shadow  vc_box_border_grey\"><img loading=\"lazy\" decoding=\"async\" width=\"4288\" height=\"2848\" src=\"https:\/\/www.aplusdentalkids.com\/wp-content\/uploads\/2019\/03\/baby-baby-eating-chair-973970.jpg\" class=\"vc_single_image-img attachment-full\" alt=\"\" title=\"bebe-silla-para-comer-bebe-973970\" srcset=\"https:\/\/www.aplusdentalkids.com\/wp-content\/uploads\/2019\/03\/baby-baby-eating-chair-973970.jpg 4288w, https:\/\/www.aplusdentalkids.com\/wp-content\/uploads\/2019\/03\/baby-baby-eating-chair-973970-300x199.jpg 300w, https:\/\/www.aplusdentalkids.com\/wp-content\/uploads\/2019\/03\/baby-baby-eating-chair-973970-768x510.jpg 768w, https:\/\/www.aplusdentalkids.com\/wp-content\/uploads\/2019\/03\/baby-baby-eating-chair-973970-1024x680.jpg 1024w, https:\/\/www.aplusdentalkids.com\/wp-content\/uploads\/2019\/03\/baby-baby-eating-chair-973970-600x399.jpg 600w\" sizes=\"(max-width: 4288px) 100vw, 4288px\" \/><\/a>\n\t\t<\/figure>\n\t<\/div>\n<h3 style=\"font-size: 22px;color: #ffffff;line-height: 24px;text-align: left\" class=\"vc_custom_heading vc_do_custom_heading overlay-heading vc_custom_1553586910549\" ><a href=\"https:\/\/www.aplusdentalkids.com\/es\/patient-education\/dental-health-and-your-diet\/\" title=\"C\u00f3mo usar hilo dental\">Salud dental y su dieta<\/a><\/h3><\/div><\/div><\/div><\/div><\/div><\/div><\/div><\/div><div class=\"vc_row-full-width vc_clearfix\"><\/div><\/section><div class=\"vc_row-full-width vc_clearfix\"><\/div>\n<\/div>","protected":false},"excerpt":{"rendered":"La prevenci\u00f3n es el mejor tratamientoCon una limpieza de rutina en el consultorio y h\u00e1bitos bucales saludables en casa, su hijo sin duda tendr\u00e1 una sonrisa hermosa y saludable. En A+ Dental, nos especializamos en ense\u00f1ar una higiene bucal y una limpieza dental adecuadas. Se debe tener especial cuidado con los dientes j\u00f3venes y se debe ense\u00f1ar a los ni\u00f1os c\u00f3mo mantenerlos [...]","protected":false},"author":1,"featured_media":0,"parent":0,"menu_order":0,"comment_status":"closed","ping_status":"closed","template":"","meta":{"om_disable_all_campaigns":false,"_monsterinsights_skip_tracking":false,"_monsterinsights_sitenote_active":false,"_monsterinsights_sitenote_note":"","_monsterinsights_sitenote_category":0,"footnotes":""},"class_list":["post-15","page","type-page","status-publish","hentry"],"yoast_head":"<!-- This site is optimized with the Yoast SEO plugin v27.4 - https:\/\/yoast.com\/product\/yoast-seo-wordpress\/ -->\n<title>Patient Education - A+ Dental Pediatric Specialist - Local Houston Dentist<\/title>\n<meta name=\"description\" content=\"At A+ Dental, we specialize in patient education. Extra care must be given to young teeth, and we teach kids how to keep teeth clean and healthy.\" \/>\n<meta name=\"robots\" content=\"index, follow, max-snippet:-1, max-image-preview:large, max-video-preview:-1\" \/>\n<link rel=\"canonical\" href=\"https:\/\/www.aplusdentalkids.com\/es\/patient-education\/\" \/>\n<meta property=\"og:locale\" content=\"es_MX\" \/>\n<meta property=\"og:type\" content=\"article\" \/>\n<meta property=\"og:title\" content=\"Patient Education - A+ Dental Pediatric Specialist - Local Houston Dentist\" \/>\n<meta property=\"og:description\" content=\"At A+ Dental, we specialize in patient education. Extra care must be given to young teeth, and we teach kids how to keep teeth clean and healthy.\" \/>\n<meta property=\"og:url\" content=\"https:\/\/www.aplusdentalkids.com\/es\/patient-education\/\" \/>\n<meta property=\"og:site_name\" content=\"A+ Dental\" \/>\n<meta property=\"article:publisher\" content=\"https:\/\/www.facebook.com\/aplusdentalkids\/\" \/>\n<meta property=\"article:modified_time\" content=\"2019-08-16T18:34:12+00:00\" \/>\n<meta name=\"twitter:card\" content=\"summary_large_image\" \/>\n<meta name=\"twitter:label1\" content=\"Tiempo de lectura\" \/>\n\t<meta name=\"twitter:data1\" content=\"5 minutos\" \/>\n<!-- \/ Yoast SEO plugin. -->","yoast_head_json":{"title":"Patient Education - A+ Dental Pediatric Specialist - Local Houston Dentist","description":"At A+ Dental, we specialize in patient education. Extra care must be given to young teeth, and we teach kids how to keep teeth clean and healthy.","robots":{"index":"index","follow":"follow","max-snippet":"max-snippet:-1","max-image-preview":"max-image-preview:large","max-video-preview":"max-video-preview:-1"},"canonical":"https:\/\/www.aplusdentalkids.com\/es\/patient-education\/","og_locale":"es_MX","og_type":"article","og_title":"Patient Education - A+ Dental Pediatric Specialist - Local Houston Dentist","og_description":"At A+ Dental, we specialize in patient education. Extra care must be given to young teeth, and we teach kids how to keep teeth clean and healthy.","og_url":"https:\/\/www.aplusdentalkids.com\/es\/patient-education\/","og_site_name":"A+ Dental","article_publisher":"https:\/\/www.facebook.com\/aplusdentalkids\/","article_modified_time":"2019-08-16T18:34:12+00:00","twitter_card":"summary_large_image","twitter_misc":{"Tiempo de lectura":"5 minutos"},"schema":{"@context":"https:\/\/schema.org","@graph":[{"@type":"WebPage","@id":"https:\/\/www.aplusdentalkids.com\/patient-education\/","url":"https:\/\/www.aplusdentalkids.com\/patient-education\/","name":"Patient Education - A+ Dental Pediatric Specialist - Local Houston Dentist","isPartOf":{"@id":"https:\/\/www.aplusdentalkids.com\/#website"},"datePublished":"2019-02-08T03:31:50+00:00","dateModified":"2019-08-16T18:34:12+00:00","description":"At A+ Dental, we specialize in patient education. Extra care must be given to young teeth, and we teach kids how to keep teeth clean and healthy.","breadcrumb":{"@id":"https:\/\/www.aplusdentalkids.com\/patient-education\/#breadcrumb"},"inLanguage":"es","potentialAction":[{"@type":"ReadAction","target":["https:\/\/www.aplusdentalkids.com\/patient-education\/"]}]},{"@type":"BreadcrumbList","@id":"https:\/\/www.aplusdentalkids.com\/patient-education\/#breadcrumb","itemListElement":[{"@type":"ListItem","position":1,"name":"Home","item":"https:\/\/www.aplusdentalkids.com\/"},{"@type":"ListItem","position":2,"name":"Patient Education"}]},{"@type":"WebSite","@id":"https:\/\/www.aplusdentalkids.com\/#website","url":"https:\/\/www.aplusdentalkids.com\/","name":"A+ Dental","description":"Houston Pediatric Specialists","publisher":{"@id":"https:\/\/www.aplusdentalkids.com\/#organization"},"potentialAction":[{"@type":"SearchAction","target":{"@type":"EntryPoint","urlTemplate":"https:\/\/www.aplusdentalkids.com\/?s={search_term_string}"},"query-input":{"@type":"PropertyValueSpecification","valueRequired":true,"valueName":"search_term_string"}}],"inLanguage":"es"},{"@type":"Organization","@id":"https:\/\/www.aplusdentalkids.com\/#organization","name":"A+ Dental","url":"https:\/\/www.aplusdentalkids.com\/","logo":{"@type":"ImageObject","inLanguage":"es","@id":"https:\/\/www.aplusdentalkids.com\/#\/schema\/logo\/image\/","url":"https:\/\/www.aplusdentalkids.com\/wp-content\/uploads\/2021\/09\/cropped-Final-logo-jpg-1.png","contentUrl":"https:\/\/www.aplusdentalkids.com\/wp-content\/uploads\/2021\/09\/cropped-Final-logo-jpg-1.png","width":1366,"height":621,"caption":"A+ Dental"},"image":{"@id":"https:\/\/www.aplusdentalkids.com\/#\/schema\/logo\/image\/"},"sameAs":["https:\/\/www.facebook.com\/aplusdentalkids\/"]}]}},"_links":{"self":[{"href":"https:\/\/www.aplusdentalkids.com\/es\/wp-json\/wp\/v2\/pages\/15","targetHints":{"allow":["GET"]}}],"collection":[{"href":"https:\/\/www.aplusdentalkids.com\/es\/wp-json\/wp\/v2\/pages"}],"about":[{"href":"https:\/\/www.aplusdentalkids.com\/es\/wp-json\/wp\/v2\/types\/page"}],"author":[{"embeddable":true,"href":"https:\/\/www.aplusdentalkids.com\/es\/wp-json\/wp\/v2\/users\/1"}],"replies":[{"embeddable":true,"href":"https:\/\/www.aplusdentalkids.com\/es\/wp-json\/wp\/v2\/comments?post=15"}],"version-history":[{"count":12,"href":"https:\/\/www.aplusdentalkids.com\/es\/wp-json\/wp\/v2\/pages\/15\/revisions"}],"predecessor-version":[{"id":9176,"href":"https:\/\/www.aplusdentalkids.com\/es\/wp-json\/wp\/v2\/pages\/15\/revisions\/9176"}],"wp:attachment":[{"href":"https:\/\/www.aplusdentalkids.com\/es\/wp-json\/wp\/v2\/media?parent=15"}],"curies":[{"name":"wp","href":"https:\/\/api.w.org\/{rel}","templated":true}]}}