{"id":16,"date":"2019-02-08T03:31:50","date_gmt":"2019-02-08T03:31:50","guid":{"rendered":"https:\/\/www.aplusdentalkids.com\/?page_id=16"},"modified":"2024-01-10T13:33:12","modified_gmt":"2024-01-10T19:33:12","slug":"your-first-visit","status":"publish","type":"page","link":"https:\/\/www.aplusdentalkids.com\/es\/patient-education\/your-first-visit\/","title":{"rendered":"Tu primera visita"},"content":{"rendered":"<div class=\"wpb-content-wrapper\"><div data-vc-full-width=\"true\" data-vc-full-width-temp=\"true\" data-vc-full-width-init=\"false\" class=\"vc_row wpb_row vc_row-fluid overflow-visible wpb_animate_when_almost_visible wpb_fadeInDownBig fadeInDownBig vc_custom_1553588787542 vc_row-has-fill vc_column-gap-10 vc_row-o-equal-height vc_row-o-content-middle vc_row-flex\"><div class=\"overflow-visible wpb_column vc_column_container vc_col-sm-5 vc_col-lg-5 vc_col-md-5 vc_col-xs-12\"><div class=\"vc_column-inner vc_custom_1532491764985\"><div class=\"wpb_wrapper\">\n\t<div  class=\"wpb_single_image wpb_content_element vc_align_left wpb_content_element wpb_animate_when_almost_visible wpb_bounceInLeft bounceInLeft\">\n\t\t\n\t\t<figure class=\"wpb_wrapper vc_figure\">\n\t\t\t<div class=\"vc_single_image-wrapper   vc_box_border_grey\"><img fetchpriority=\"high\" decoding=\"async\" width=\"640\" height=\"427\" src=\"https:\/\/www.aplusdentalkids.com\/wp-content\/uploads\/2019\/03\/1-1024x683.png\" class=\"vc_single_image-img attachment-large\" alt=\"\" title=\"1\" srcset=\"https:\/\/www.aplusdentalkids.com\/wp-content\/uploads\/2019\/03\/1-1024x683.png 1024w, https:\/\/www.aplusdentalkids.com\/wp-content\/uploads\/2019\/03\/1-300x200.png 300w, https:\/\/www.aplusdentalkids.com\/wp-content\/uploads\/2019\/03\/1-768x512.png 768w, https:\/\/www.aplusdentalkids.com\/wp-content\/uploads\/2019\/03\/1-600x400.png 600w, https:\/\/www.aplusdentalkids.com\/wp-content\/uploads\/2019\/03\/1.png 1500w\" sizes=\"(max-width: 640px) 100vw, 640px\" \/><\/div>\n\t\t<\/figure>\n\t<\/div>\n<\/div><\/div><\/div><div class=\"wpb_column vc_column_container vc_col-sm-7 vc_col-lg-7 vc_col-md-7 vc_col-xs-12\"><div class=\"vc_column-inner vc_custom_1532491823493\"><div class=\"wpb_wrapper\"><h2 style=\"font-size: 34px;color: #373737;line-height: 40px;text-align: left\" class=\"vc_custom_heading vc_do_custom_heading font-weight-bold wpb_animate_when_almost_visible wpb_fadeInUp fadeInUp vc_custom_1553591336945\" >Los h\u00e1bitos dentales saludables, desde el principio, tienen un impacto duradero en la sonrisa y la salud general de su hijo.<\/h2><p style=\"font-size: 20px;color: #373737;line-height: 22px;text-align: left\" class=\"vc_custom_heading vc_do_custom_heading wpb_animate_when_almost_visible wpb_fadeInUp fadeInUp vc_custom_1553591423394\" >Es por esto que la Academia Estadounidense de Odontolog\u00eda Pedi\u00e1trica junto con los especialistas de A+ Dental recomiendan realizar la primera visita al dentista de su hijo antes de su primer cumplea\u00f1os. Al llevar a su hijo al dentista a una edad temprana, puede construir una relaci\u00f3n amistosa y de confianza con el dentista que puede durar toda la vida.<\/p><\/div><\/div><\/div><\/div><div class=\"vc_row-full-width vc_clearfix\"><\/div><section class=\"vc_section vc_custom_1531819128261\"><div class=\"vc_row wpb_row vc_row-fluid\"><div class=\"wpb_column vc_column_container vc_col-sm-12\"><div class=\"vc_column-inner\"><div class=\"wpb_wrapper\"><\/div><\/div><\/div><\/div><div data-vc-full-width=\"true\" data-vc-full-width-temp=\"true\" data-vc-full-width-init=\"false\" class=\"vc_row wpb_row vc_row-fluid vc_custom_1553589742003 vc_column-gap-20\"><div class=\"wpb_animate_when_almost_visible wpb_fadeInLeft fadeInLeft wpb_column vc_column_container vc_col-sm-7 vc_col-lg-8 vc_col-md-8 vc_col-xs-12\"><div class=\"vc_column-inner vc_custom_1553572654572\"><div class=\"wpb_wrapper\"><h2 style=\"font-size: 34px;color: #373737;line-height: 48px;text-align: left\" class=\"vc_custom_heading vc_do_custom_heading font-weight-bold vc_custom_1553591135143\" >\u00bfQu\u00e9 pasar\u00e1 en la primera visita?<\/h2>\n\t<div class=\"wpb_text_column wpb_content_element vc_custom_1553591150532\" >\n\t\t<div class=\"wpb_wrapper\">\n\t\t\t<p>Nuestros especialistas pedi\u00e1tricos est\u00e1n preparados para hacer de la primera visita de su hijo una experiencia agradable. En ocasiones, una visita inicial incluir\u00e1 radiograf\u00edas digitales, una revisi\u00f3n del historial de salud del ni\u00f1o, un examen bucal completo y una evaluaci\u00f3n de las necesidades dentales del ni\u00f1o. El dentista tambi\u00e9n revisar\u00e1 las enc\u00edas y los tejidos circundantes para identificar posibles problemas. Posteriormente el ni\u00f1o recibir\u00e1 un tratamiento de limpieza y fl\u00faor. Tambi\u00e9n se le ense\u00f1ar\u00e1 c\u00f3mo cepillarse los dientes y usar hilo dental correctamente. Para los ni\u00f1os m\u00e1s peque\u00f1os, se ense\u00f1ar\u00e1 a los padres c\u00f3mo cuidar los dientes de sus hijos.<\/p>\n\n\t\t<\/div>\n\t<\/div>\n<h2 style=\"font-size: 34px;color: #373737;line-height: 48px;text-align: left\" class=\"vc_custom_heading vc_do_custom_heading font-weight-bold vc_custom_1553591167480\" >\u00bfPor qu\u00e9 consultar a un dentista pedi\u00e1trico en A+ Dental?<\/h2>\n\t<div class=\"wpb_text_column wpb_content_element vc_custom_1553591180864\" >\n\t\t<div class=\"wpb_wrapper\">\n\t\t\t<p>Es importante que su hijo consulte a nuestros dentistas pedi\u00e1tricos porque esto garantiza que la primera visita de su hijo sea con un profesional capacitado para atender a ni\u00f1os y que comprenda sus necesidades dentales. Si el dentista pedi\u00e1trico identifica \u00e1reas de preocupaci\u00f3n, donde puede haber una caries o un diente flojo retenido en exceso, nuestros especialistas le explicar\u00e1n estas inquietudes y se asegurar\u00e1n de que su hijo reciba la atenci\u00f3n que necesita y merece. Esta tambi\u00e9n es una gran oportunidad para obtener respuestas a todas sus preguntas sobre las necesidades dentales de su hijo.<\/p>\n\n\t\t<\/div>\n\t<\/div>\n<h2 style=\"font-size: 34px;color: #373737;line-height: 48px;text-align: left\" class=\"vc_custom_heading vc_do_custom_heading font-weight-bold vc_custom_1553591195759\" >\u00bfQu\u00e9 nos hace especiales?<\/h2>\n\t<div class=\"wpb_text_column wpb_content_element vc_custom_1553591213231\" >\n\t\t<div class=\"wpb_wrapper\">\n\t\t\t<p>Si est\u00e1 buscando un dentista para ni\u00f1os, cuya prioridad sea brindar atenci\u00f3n dental de primer nivel en un ambiente relajante, entonces somos el lugar indicado. Tambi\u00e9n proporcionamos sedaci\u00f3n oral y anestesia general. De esta manera, su hijo podr\u00e1 estar en el estado m\u00e1s relajado cuando complete su tratamiento. As\u00ed que haga que la primera visita de su hijo sea memorable viniendo a visitarnos.<\/p>\n\n\t\t<\/div>\n\t<\/div>\n<\/div><\/div><\/div><div class=\"wpb_animate_when_almost_visible wpb_fadeInRight fadeInRight wpb_column vc_column_container vc_col-sm-5 vc_col-lg-4 vc_col-md-4 vc_col-xs-12\"><div class=\"vc_column-inner vc_custom_1553572670689\"><div class=\"wpb_wrapper\"><div class=\"vc_row wpb_row vc_inner vc_row-fluid vc_custom_1531717312838 vc_row-has-fill\"><div class=\"wpb_column vc_column_container vc_col-sm-12\"><div class=\"vc_column-inner vc_custom_1531730594967\"><div class=\"wpb_wrapper\"><h3 style=\"font-size: 24px;color: #193a5e;line-height: 35px;text-align: left\" class=\"vc_custom_heading vc_do_custom_heading font-weight-bold vc_custom_1553588463559\" ><a href=\"https:\/\/www.aplusdentalkids.com\/es\/patient-education\/\" title=\"Educaci\u00f3n del paciente\">Educaci\u00f3n del paciente<\/a><\/h3><!-- radiantthemes-custom-menu --><div class=\"radiantthemes-custom-menu element-one rt3500200876\"    ><ul id=\"menu-patient-education\" class=\"menu rt-mega-menu-transition-default\"><li id=\"menu-item-8694\" class=\"menu-item menu-item-type-post_type menu-item-object-page menu-flyout rt-mega-menu-hover item-8694\"><a  href=\"https:\/\/www.aplusdentalkids.com\/es\/patient-education\/how-to-brush-your-teeth\/\">C\u00f3mo cepillarse los dientes<\/a><\/li>\n<li id=\"menu-item-8695\" class=\"menu-item menu-item-type-post_type menu-item-object-page menu-flyout rt-mega-menu-hover item-8695\"><a  href=\"https:\/\/www.aplusdentalkids.com\/es\/patient-education\/how-to-floss-your-teeth\/\">C\u00f3mo usar hilo dental<\/a><\/li>\n<li id=\"menu-item-8693\" class=\"menu-item menu-item-type-post_type menu-item-object-page menu-flyout rt-mega-menu-hover item-8693\"><a  href=\"https:\/\/www.aplusdentalkids.com\/es\/patient-education\/fluoride-and-decay-prevention\/\">Prevenci\u00f3n del fluoruro y las caries<\/a><\/li>\n<li id=\"menu-item-8692\" class=\"menu-item menu-item-type-post_type menu-item-object-page menu-flyout rt-mega-menu-hover item-8692\"><a  href=\"https:\/\/www.aplusdentalkids.com\/es\/patient-education\/dental-health-and-your-diet\/\">Salud dental y su dieta<\/a><\/li>\n<\/ul><\/div>\r<!-- radiantthemes-custom-menu -->\r<\/div><\/div><\/div><\/div><div class=\"vc_row wpb_row vc_inner vc_row-fluid background-position-right-bottom vc_custom_1531916219608 vc_row-has-fill\"><div class=\"wpb_column vc_column_container vc_col-sm-12\"><div class=\"vc_column-inner vc_custom_1531804552714\"><div class=\"wpb_wrapper\"><h3 style=\"font-size: 24px;color: #ffffff;line-height: 35px;text-align: left\" class=\"vc_custom_heading vc_do_custom_heading font-weight-bold vc_custom_1553565432787\" ><a href=\"https:\/\/www.aplusdentalkids.com\/es\/contact\/\" title=\"Contacta con A+ Odontolog\u00eda Especialistas Pedi\u00e1tricos\">Horas de operaci\u00f3n<\/a><\/h3>\n\t<div class=\"wpb_text_column wpb_content_element font-weight-medium\" >\n\t\t<div class=\"wpb_wrapper\">\n\t\t\t<table class=\"table\">\n<tbody>\n<tr>\n<td><span style=\"color: #ffffff;\">Martes viernes<\/span><\/td>\n<td><span style=\"color: #ffffff;\">11:00 &#8211; 7:00<\/span><\/td>\n<\/tr>\n<tr>\n<td><span style=\"color: #ffffff;\">S\u00e1bado<\/span><\/td>\n<td><span style=\"color: #ffffff;\">10:00 &#8211; 2:00<\/span><\/td>\n<\/tr>\n<tr>\n<td><span style=\"color: #ffffff;\">Domingo Lunes<\/span><\/td>\n<td><span style=\"color: #ffffff;\">Cerrado<\/span><\/td>\n<\/tr>\n<\/tbody>\n<\/table>\n\n\t\t<\/div>\n\t<\/div>\n<\/div><\/div><\/div><\/div><\/div><\/div><\/div><\/div><div class=\"vc_row-full-width vc_clearfix\"><\/div><\/section><section data-vc-full-width=\"true\" data-vc-full-width-temp=\"true\" data-vc-full-width-init=\"false\" class=\"vc_section vc_custom_1553596750934 vc_section-has-fill\"><div data-vc-full-width=\"true\" data-vc-full-width-temp=\"true\" data-vc-full-width-init=\"false\" class=\"vc_row wpb_row vc_row-fluid vc_custom_1519735285326 vc_row-has-fill vc_row-o-equal-height vc_row-flex\"><div class=\"wpb_column vc_column_container vc_col-sm-2\"><div class=\"vc_column-inner vc_custom_1519735313463\"><div class=\"wpb_wrapper\"><\/div><\/div><\/div><div class=\"wpb_column vc_column_container vc_col-sm-8\"><div class=\"vc_column-inner vc_custom_1519733264007\"><div class=\"wpb_wrapper\"><h2 style=\"font-size: 15px;line-height: 35px;text-align: center\" class=\"vc_custom_heading vc_do_custom_heading font-weight-medium vc_custom_1528107042623\" >PONERSE EN CONTACTO<\/h2><h3 style=\"font-size: 40px;line-height: 48px;text-align: center\" class=\"vc_custom_heading vc_do_custom_heading font-weight-bold vc_custom_1552989590813\" >Haznos una pregunta o agenda una cita<\/h3>\n\t<div class=\"wpb_text_column wpb_content_element vc_custom_1554968066529\" >\n\t\t<div class=\"wpb_wrapper\">\n\t\t\t<p style=\"text-align: center;\">Estamos ansiosos por hablar con usted sobre c\u00f3mo podemos hacer que la sonrisa de su hijo sea saludable y feliz. Llamenos al <a href=\"tel: 1-832-241-3434\">832-241-3434<\/a>\u00a0o complete el formulario a continuaci\u00f3n. Un miembro del equipo se pondr\u00e1 en contacto dentro de 24 a 48 horas h\u00e1biles.<\/p>\n\n\t\t<\/div>\n\t<\/div>\n<div class=\"vc_row wpb_row vc_inner vc_row-fluid vc_custom_1519730957211\"><div class=\"wpb_column vc_column_container vc_col-sm-12\"><div class=\"vc_column-inner\"><div class=\"wpb_wrapper\">\n\t<div class=\"wpb_raw_code wpb_raw_html wpb_content_element\" >\n\t\t<div class=\"wpb_wrapper\">\n\t\t\t\t\t<div data-elementor-type=\"section\" data-elementor-id=\"14216\" class=\"elementor elementor-14216\" data-elementor-post-type=\"elementor_library\">\n\t\t\t<div class=\"elementor-element elementor-element-026d4b8 e-con-full e-flex e-con e-parent\" data-id=\"026d4b8\" data-element_type=\"container\" data-e-type=\"container\">\n\t\t\t\t<div class=\"elementor-element elementor-element-817f689 elementor-button-align-center elementor-widget elementor-widget-form\" data-id=\"817f689\" data-element_type=\"widget\" data-e-type=\"widget\" data-settings=\"{&quot;step_next_label&quot;:&quot;Next&quot;,&quot;step_previous_label&quot;:&quot;Previous&quot;,&quot;button_width&quot;:&quot;100&quot;,&quot;step_type&quot;:&quot;number_text&quot;,&quot;step_icon_shape&quot;:&quot;circle&quot;}\" data-widget_type=\"form.default\">\n\t\t\t\t<div class=\"elementor-widget-container\">\n\t\t\t\t\t\t\t<form class=\"elementor-form\" method=\"post\" name=\"New Form\" aria-label=\"Nueva forma\" action=\"\">\n\t\t\t<input type=\"hidden\" name=\"post_id\" value=\"14216\"\/>\n\t\t\t<input type=\"hidden\" name=\"form_id\" value=\"817f689\"\/>\n\t\t\t<input type=\"hidden\" name=\"referer_title\" value=\"A+ Dental\" \/>\n\n\t\t\t\n\t\t\t<div class=\"elementor-form-fields-wrapper elementor-labels-\">\n\t\t\t\t\t\t\t\t<div class=\"elementor-field-type-text elementor-field-group elementor-column elementor-field-group-name elementor-col-50 elementor-field-required\">\n\t\t\t\t\t\t\t\t\t\t\t\t<label for=\"form-field-name\" class=\"elementor-field-label elementor-screen-only\">\n\t\t\t\t\t\t\t\tNombre\t\t\t\t\t\t\t<\/label>\n\t\t\t\t\t\t\t\t\t\t\t\t\t\t<input size=\"1\" type=\"text\" name=\"form_fields[name]\" id=\"form-field-name\" class=\"elementor-field elementor-size-sm  elementor-field-textual\" placeholder=\"Su nombre:\" required=\"required\">\n\t\t\t\t\t\t\t\t\t\t\t<\/div>\n\t\t\t\t\t\t\t\t<div class=\"elementor-field-type-email elementor-field-group elementor-column elementor-field-group-email elementor-col-50 elementor-field-required\">\n\t\t\t\t\t\t\t\t\t\t\t\t<label for=\"form-field-email\" class=\"elementor-field-label elementor-screen-only\">\n\t\t\t\t\t\t\t\tCorreo electr\u00f3nico\t\t\t\t\t\t\t<\/label>\n\t\t\t\t\t\t\t\t\t\t\t\t\t\t<input size=\"1\" type=\"email\" name=\"form_fields[email]\" id=\"form-field-email\" class=\"elementor-field elementor-size-sm  elementor-field-textual\" placeholder=\"Tu correo electr\u00f3nico:\" required=\"required\">\n\t\t\t\t\t\t\t\t\t\t\t<\/div>\n\t\t\t\t\t\t\t\t<div class=\"elementor-field-type-tel elementor-field-group elementor-column elementor-field-group-field_58dd5af elementor-col-50 elementor-field-required\">\n\t\t\t\t\t\t\t\t\t\t\t\t<label for=\"form-field-field_58dd5af\" class=\"elementor-field-label elementor-screen-only\">\n\t\t\t\t\t\t\t\tTel\u00e9fono:\t\t\t\t\t\t\t<\/label>\n\t\t\t\t\t\t\t\t<input size=\"1\" type=\"tel\" name=\"form_fields[field_58dd5af]\" id=\"form-field-field_58dd5af\" class=\"elementor-field elementor-size-sm  elementor-field-textual\" placeholder=\"Su tel\u00e9fono:\" required=\"required\" pattern=\"[0-9()#&amp;+*-=.]+\" title=\"S\u00f3lo se aceptan n\u00fameros y caracteres telef\u00f3nicos (#, -, *, etc.).\">\n\n\t\t\t\t\t\t<\/div>\n\t\t\t\t\t\t\t\t<div class=\"elementor-field-type-text elementor-field-group elementor-column elementor-field-group-field_4d5ff04 elementor-col-50\">\n\t\t\t\t\t\t\t\t\t\t\t\t<label for=\"form-field-field_4d5ff04\" class=\"elementor-field-label elementor-screen-only\">\n\t\t\t\t\t\t\t\tSujeto\t\t\t\t\t\t\t<\/label>\n\t\t\t\t\t\t\t\t\t\t\t\t\t\t<input size=\"1\" type=\"text\" name=\"form_fields[field_4d5ff04]\" id=\"form-field-field_4d5ff04\" class=\"elementor-field elementor-size-sm  elementor-field-textual\" placeholder=\"Sujeto:\">\n\t\t\t\t\t\t\t\t\t\t\t<\/div>\n\t\t\t\t\t\t\t\t<div class=\"elementor-field-type-textarea elementor-field-group elementor-column elementor-field-group-message elementor-col-100\">\n\t\t\t\t\t\t\t\t\t\t\t\t<label for=\"form-field-message\" class=\"elementor-field-label elementor-screen-only\">\n\t\t\t\t\t\t\t\tMensaje\t\t\t\t\t\t\t<\/label>\n\t\t\t\t\t\t<textarea class=\"elementor-field-textual elementor-field  elementor-size-sm\" name=\"form_fields[message]\" id=\"form-field-message\" rows=\"4\" placeholder=\"Mensaje\"><\/textarea>\t\t\t\t<\/div>\n\t\t\t\t\t\t\t\t<div class=\"elementor-field-type-text\">\n\t\t\t\t\t<input size=\"1\" type=\"text\" name=\"form_fields[field_82fd1bb]\" id=\"form-field-field_82fd1bb\" class=\"elementor-field elementor-size-sm\" style=\"display:none !important;\">\t\t\t\t<\/div>\n\t\t\t\t\t\t\t\t<div class=\"elementor-field-group elementor-column elementor-field-type-submit elementor-col-100 e-form__buttons\">\n\t\t\t\t\t<button class=\"elementor-button elementor-size-sm\" type=\"submit\">\n\t\t\t\t\t\t<span class=\"elementor-button-content-wrapper\">\n\t\t\t\t\t\t\t\t\t\t\t\t\t\t\t\t\t\t\t\t\t\t<span class=\"elementor-button-text\">Enviar<\/span>\n\t\t\t\t\t\t\t\t\t\t\t\t\t<\/span>\n\t\t\t\t\t<\/button>\n\t\t\t\t<\/div>\n\t\t\t<\/div>\n\t\t<input\n                    class=\"apbct_special_field apbct_email_id__elementor_form\"\n                    name=\"apbct__email_id__elementor_form\"\n                    aria-label=\"apbct__label_id__elementor_form\"\n                    type=\"text\" size=\"30\" maxlength=\"200\" autocomplete=\"off\"\n                    value=\"\"\n                \/><input type=\"hidden\" name=\"trp-form-language\" value=\"es\"\/><\/form>\n\t\t\t\t\t\t<\/div>\n\t\t\t\t<\/div>\n\t\t\t\t<\/div>\n\t\t\t\t<\/div>\n\t\t\n\t\t<\/div>\n\t<\/div>\n<\/div><\/div><\/div><\/div><\/div><\/div><\/div><div class=\"wpb_column vc_column_container vc_col-sm-2\"><div class=\"vc_column-inner\"><div class=\"wpb_wrapper\"><\/div><\/div><\/div><\/div><div class=\"vc_row-full-width vc_clearfix\"><\/div><\/section><div class=\"vc_row-full-width vc_clearfix\"><\/div>\n<\/div>","protected":false},"excerpt":{"rendered":"Los h\u00e1bitos dentales saludables, desde el principio, tienen un impacto duradero en la sonrisa y la salud general de su hijo. Es por eso que la Academia Estadounidense de Odontolog\u00eda Pedi\u00e1trica junto con los especialistas de A+ Dental recomiendan que la primera visita al dentista de su hijo sea antes de que cumpla su primer a\u00f1o. Si lleva a su hijo al dentista a una edad temprana, [...]","protected":false},"author":1,"featured_media":0,"parent":15,"menu_order":0,"comment_status":"closed","ping_status":"closed","template":"","meta":{"om_disable_all_campaigns":false,"_monsterinsights_skip_tracking":false,"_monsterinsights_sitenote_active":false,"_monsterinsights_sitenote_note":"","_monsterinsights_sitenote_category":0,"footnotes":""},"class_list":["post-16","page","type-page","status-publish","hentry"],"yoast_head":"<!-- This site is optimized with the Yoast SEO plugin v27.6 - https:\/\/yoast.com\/product\/yoast-seo-wordpress\/ -->\n<title>Your First Visit - A+ Dental Pediatric Specialists - Local Houston Dentist<\/title>\n<meta name=\"description\" content=\"Our pediatric specialists are prepared to make your child\u2019s first dentist visit an enjoyable experience. We understand the dental needs of children.\" \/>\n<meta name=\"robots\" content=\"index, follow, max-snippet:-1, max-image-preview:large, max-video-preview:-1\" \/>\n<link rel=\"canonical\" href=\"https:\/\/www.aplusdentalkids.com\/es\/patient-education\/your-first-visit\/\" \/>\n<meta property=\"og:locale\" content=\"es_MX\" \/>\n<meta property=\"og:type\" content=\"article\" \/>\n<meta property=\"og:title\" content=\"Your First Visit - A+ Dental Pediatric Specialists - Local Houston Dentist\" \/>\n<meta property=\"og:description\" content=\"Our pediatric specialists are prepared to make your child\u2019s first dentist visit an enjoyable experience. We understand the dental needs of children.\" \/>\n<meta property=\"og:url\" content=\"https:\/\/www.aplusdentalkids.com\/es\/patient-education\/your-first-visit\/\" \/>\n<meta property=\"og:site_name\" content=\"A+ Dental\" \/>\n<meta property=\"article:publisher\" content=\"https:\/\/www.facebook.com\/aplusdentalkids\/\" \/>\n<meta property=\"article:modified_time\" content=\"2024-01-10T19:33:12+00:00\" \/>\n<meta name=\"twitter:card\" content=\"summary_large_image\" \/>\n<meta name=\"twitter:label1\" content=\"Tiempo de lectura\" \/>\n\t<meta name=\"twitter:data1\" content=\"4 minutos\" \/>\n<!-- \/ Yoast SEO plugin. -->","yoast_head_json":{"title":"Your First Visit - A+ Dental Pediatric Specialists - Local Houston Dentist","description":"Our pediatric specialists are prepared to make your child\u2019s first dentist visit an enjoyable experience. We understand the dental needs of children.","robots":{"index":"index","follow":"follow","max-snippet":"max-snippet:-1","max-image-preview":"max-image-preview:large","max-video-preview":"max-video-preview:-1"},"canonical":"https:\/\/www.aplusdentalkids.com\/es\/patient-education\/your-first-visit\/","og_locale":"es_MX","og_type":"article","og_title":"Your First Visit - A+ Dental Pediatric Specialists - Local Houston Dentist","og_description":"Our pediatric specialists are prepared to make your child\u2019s first dentist visit an enjoyable experience. We understand the dental needs of children.","og_url":"https:\/\/www.aplusdentalkids.com\/es\/patient-education\/your-first-visit\/","og_site_name":"A+ Dental","article_publisher":"https:\/\/www.facebook.com\/aplusdentalkids\/","article_modified_time":"2024-01-10T19:33:12+00:00","twitter_card":"summary_large_image","twitter_misc":{"Tiempo de lectura":"4 minutos"},"schema":{"@context":"https:\/\/schema.org","@graph":[{"@type":"WebPage","@id":"https:\/\/www.aplusdentalkids.com\/patient-education\/your-first-visit\/","url":"https:\/\/www.aplusdentalkids.com\/patient-education\/your-first-visit\/","name":"Your First Visit - A+ Dental Pediatric Specialists - Local Houston Dentist","isPartOf":{"@id":"https:\/\/www.aplusdentalkids.com\/#website"},"datePublished":"2019-02-08T03:31:50+00:00","dateModified":"2024-01-10T19:33:12+00:00","description":"Our pediatric specialists are prepared to make your child\u2019s first dentist visit an enjoyable experience. We understand the dental needs of children.","breadcrumb":{"@id":"https:\/\/www.aplusdentalkids.com\/patient-education\/your-first-visit\/#breadcrumb"},"inLanguage":"es","potentialAction":[{"@type":"ReadAction","target":["https:\/\/www.aplusdentalkids.com\/patient-education\/your-first-visit\/"]}]},{"@type":"BreadcrumbList","@id":"https:\/\/www.aplusdentalkids.com\/patient-education\/your-first-visit\/#breadcrumb","itemListElement":[{"@type":"ListItem","position":1,"name":"Home","item":"https:\/\/www.aplusdentalkids.com\/"},{"@type":"ListItem","position":2,"name":"Patient Education","item":"https:\/\/www.aplusdentalkids.com\/patient-education\/"},{"@type":"ListItem","position":3,"name":"Your First Visit"}]},{"@type":"WebSite","@id":"https:\/\/www.aplusdentalkids.com\/#website","url":"https:\/\/www.aplusdentalkids.com\/","name":"A+ Dental","description":"Houston Pediatric Specialists","publisher":{"@id":"https:\/\/www.aplusdentalkids.com\/#organization"},"potentialAction":[{"@type":"SearchAction","target":{"@type":"EntryPoint","urlTemplate":"https:\/\/www.aplusdentalkids.com\/?s={search_term_string}"},"query-input":{"@type":"PropertyValueSpecification","valueRequired":true,"valueName":"search_term_string"}}],"inLanguage":"es"},{"@type":"Organization","@id":"https:\/\/www.aplusdentalkids.com\/#organization","name":"A+ Dental","url":"https:\/\/www.aplusdentalkids.com\/","logo":{"@type":"ImageObject","inLanguage":"es","@id":"https:\/\/www.aplusdentalkids.com\/#\/schema\/logo\/image\/","url":"https:\/\/www.aplusdentalkids.com\/wp-content\/uploads\/2021\/09\/cropped-Final-logo-jpg-1.png","contentUrl":"https:\/\/www.aplusdentalkids.com\/wp-content\/uploads\/2021\/09\/cropped-Final-logo-jpg-1.png","width":1366,"height":621,"caption":"A+ Dental"},"image":{"@id":"https:\/\/www.aplusdentalkids.com\/#\/schema\/logo\/image\/"},"sameAs":["https:\/\/www.facebook.com\/aplusdentalkids\/"]}]}},"_links":{"self":[{"href":"https:\/\/www.aplusdentalkids.com\/es\/wp-json\/wp\/v2\/pages\/16","targetHints":{"allow":["GET"]}}],"collection":[{"href":"https:\/\/www.aplusdentalkids.com\/es\/wp-json\/wp\/v2\/pages"}],"about":[{"href":"https:\/\/www.aplusdentalkids.com\/es\/wp-json\/wp\/v2\/types\/page"}],"author":[{"embeddable":true,"href":"https:\/\/www.aplusdentalkids.com\/es\/wp-json\/wp\/v2\/users\/1"}],"replies":[{"embeddable":true,"href":"https:\/\/www.aplusdentalkids.com\/es\/wp-json\/wp\/v2\/comments?post=16"}],"version-history":[{"count":12,"href":"https:\/\/www.aplusdentalkids.com\/es\/wp-json\/wp\/v2\/pages\/16\/revisions"}],"predecessor-version":[{"id":14239,"href":"https:\/\/www.aplusdentalkids.com\/es\/wp-json\/wp\/v2\/pages\/16\/revisions\/14239"}],"up":[{"embeddable":true,"href":"https:\/\/www.aplusdentalkids.com\/es\/wp-json\/wp\/v2\/pages\/15"}],"wp:attachment":[{"href":"https:\/\/www.aplusdentalkids.com\/es\/wp-json\/wp\/v2\/media?parent=16"}],"curies":[{"name":"wp","href":"https:\/\/api.w.org\/{rel}","templated":true}]}}