{"id":3,"date":"2019-01-29T18:34:25","date_gmt":"2019-01-29T18:34:25","guid":{"rendered":"http:\/\/aplusdentalkids.com\/\/?page_id=3"},"modified":"2019-10-13T00:29:46","modified_gmt":"2019-10-13T00:29:46","slug":"privacy-policy","status":"publish","type":"page","link":"https:\/\/www.aplusdentalkids.com\/es\/privacy-policy\/","title":{"rendered":"pol\u00edtica de privacidad"},"content":{"rendered":"<h2 class=\"wp-block-heading\">Qui\u00e9nes somos<\/h2>\n\n\n\n<p>Nuestra direcci\u00f3n web es: <a href=\"https:\/\/www.aplusdentalkids.com\/es\/\">https:\/\/www.aplusdentalkids.com\/<\/a>.<\/p>\n\n\n\n<h2 class=\"wp-block-heading\">Qu\u00e9 datos personales recopilamos y por qu\u00e9 los recopilamos.<\/h2>\n\n\n\n<h3 class=\"wp-block-heading\">Comentarios<\/h3>\n\n\n\n<p>Cuando los visitantes dejan comentarios en el sitio, recopilamos los datos que aparecen en el formulario de comentarios, as\u00ed como la direcci\u00f3n IP del visitante y la cadena del agente de usuario del navegador para ayudar a detectar el spam.<\/p>\n\n\n\n<p>Se puede proporcionar una cadena anonimizada creada a partir de tu direcci\u00f3n de correo electr\u00f3nico (tambi\u00e9n llamada hash) al servicio Gravatar para comprobar si lo est\u00e1s utilizando. La pol\u00edtica de privacidad del servicio Gravatar est\u00e1 disponible aqu\u00ed: <a href=\"https:\/\/automattic.com\/privacy\/\">https:\/\/automattic.com\/privacy\/<\/a>Tras la aprobaci\u00f3n de tu comentario, tu foto de perfil ser\u00e1 visible p\u00fablicamente junto a tu comentario.<\/p>\n\n\n\n<h3 class=\"wp-block-heading\">Medios de comunicaci\u00f3n<\/h3>\n\n\n\n<p>Si subes im\u00e1genes al sitio web, evita subir im\u00e1genes con datos de ubicaci\u00f3n (EXIF GPS) incrustados. Los visitantes del sitio web pueden descargar y extraer cualquier dato de ubicaci\u00f3n de las im\u00e1genes.<\/p>\n\n\n\n<h3 class=\"wp-block-heading\">Formularios de contacto<\/h3>\n\n\n\n<p>Para que disfrutes de una mejor experiencia con nuestro servicio, es posible que te solicitemos cierta informaci\u00f3n personal, como tu nombre, n\u00famero de tel\u00e9fono y direcci\u00f3n postal. Esta informaci\u00f3n se utilizar\u00e1 para contactarte o identificarte. <\/p>\n\n\n\n<h3 class=\"wp-block-heading\">Galletas<\/h3>\n\n\n\n<p>Si dejas un comentario en nuestro sitio web, puedes optar por guardar tu nombre, correo electr\u00f3nico y sitio web en cookies. Esto te facilitar\u00e1 la tarea, para que no tengas que volver a introducir tus datos al dejar otro comentario. Estas cookies tendr\u00e1n una duraci\u00f3n de un a\u00f1o.<\/p>\n\n\n\n<p>Si tienes una cuenta y accedes a este sitio web, instalaremos una cookie temporal para determinar si tu navegador acepta cookies. Esta cookie no contiene datos personales y se elimina al cerrar el navegador.<\/p>\n\n\n\n<p>Al iniciar sesi\u00f3n, tambi\u00e9n configuraremos varias cookies para guardar su informaci\u00f3n de inicio de sesi\u00f3n y sus preferencias de visualizaci\u00f3n. Las cookies de inicio de sesi\u00f3n duran dos d\u00edas, y las de preferencias de pantalla, un a\u00f1o. Si selecciona \u00abRecordarme\u00bb, su sesi\u00f3n permanecer\u00e1 activa durante dos semanas. Si cierra sesi\u00f3n, las cookies de inicio de sesi\u00f3n se eliminar\u00e1n.<\/p>\n\n\n\n<p>Si editas o publicas un art\u00edculo, se guardar\u00e1 una cookie adicional en tu navegador. Esta cookie no contiene datos personales y simplemente indica el ID del art\u00edculo que acabas de editar. Caduca despu\u00e9s de un d\u00eda.<\/p>\n\n\n\n<h3 class=\"wp-block-heading\">Contenido incrustado de otros sitios web<\/h3>\n\n\n\n<p>Los art\u00edculos de este sitio pueden incluir contenido incrustado (por ejemplo, v\u00eddeos, im\u00e1genes, art\u00edculos, etc.). El contenido incrustado de otros sitios web se comporta exactamente igual que si el visitante hubiera accedido directamente a dichos sitios.<\/p>\n\n\n\n<p>Estos sitios web pueden recopilar datos sobre usted, usar cookies, incorporar sistemas de seguimiento de terceros y monitorear su interacci\u00f3n con ese contenido incrustado, incluyendo el seguimiento de su interacci\u00f3n con el contenido incrustado si tiene una cuenta y ha iniciado sesi\u00f3n en ese sitio web.<\/p>\n\n\n\n<h3 class=\"wp-block-heading\">Anal\u00edtica<\/h3>\n\n\n\n<h2 class=\"wp-block-heading\">Con qui\u00e9n compartimos tus datos<\/h2>\n\n\n\n<h2 class=\"wp-block-heading\">Durante cu\u00e1nto tiempo conservamos sus datos<\/h2>\n\n\n\n<p>Si dejas un comentario, este y sus metadatos se conservar\u00e1n indefinidamente. Esto nos permite reconocer y aprobar autom\u00e1ticamente los comentarios posteriores, en lugar de tener que moderarlos manualmente.<\/p>\n\n\n\n<p>Para los usuarios que se registran en nuestro sitio web (si los hay), tambi\u00e9n almacenamos la informaci\u00f3n personal que proporcionan en su perfil de usuario. Todos los usuarios pueden ver, editar o eliminar su informaci\u00f3n personal en cualquier momento (excepto su nombre de usuario, que no se puede cambiar). Los administradores del sitio web tambi\u00e9n pueden ver y editar dicha informaci\u00f3n.<\/p>\n\n\n\n<h2 class=\"wp-block-heading\">Qu\u00e9 derechos tienes sobre tus datos<\/h2>\n\n\n\n<p>Si tiene una cuenta en este sitio web o ha dejado comentarios, puede solicitar un archivo con sus datos personales, incluyendo la informaci\u00f3n que nos ha proporcionado. Tambi\u00e9n puede solicitar que eliminemos sus datos personales. Esto no incluye los datos que estamos obligados a conservar por motivos administrativos, legales o de seguridad.<\/p>\n\n\n\n<h2 class=\"wp-block-heading\">D\u00f3nde enviamos sus datos<\/h2>\n\n\n\n<p>Los comentarios de los visitantes pueden ser revisados mediante un servicio automatizado de detecci\u00f3n de spam.<\/p>\n\n\n\n<h2 class=\"wp-block-heading\">Su informaci\u00f3n de contacto<\/h2>\n\n\n\n<p>Para que disfrutes de una mejor experiencia con nuestro servicio, es posible que te solicitemos cierta informaci\u00f3n personal, como tu nombre, n\u00famero de tel\u00e9fono, correo electr\u00f3nico y direcci\u00f3n postal. Esta informaci\u00f3n se utilizar\u00e1 para contactarte o identificarte. <\/p>\n\n\n\n<h2 class=\"wp-block-heading\">Informaci\u00f3n adicional<\/h2>\n\n\n\n<h3 class=\"wp-block-heading\">C\u00f3mo protegemos sus datos<\/h3>\n\n\n\n<p>Valoramos la confianza que deposita en nosotros al proporcionarnos su informaci\u00f3n personal, por lo que nos esforzamos por utilizar medios comercialmente aceptables para protegerla. Sin embargo, recuerde que ning\u00fan m\u00e9todo de transmisi\u00f3n por internet ni de almacenamiento electr\u00f3nico es completamente seguro y fiable, y no podemos garantizar su seguridad absoluta. <\/p>\n\n\n\n<h3 class=\"wp-block-heading\"> Privacidad de los ni\u00f1os <\/h3>\n\n\n\n<p>Al utilizar el Servicio, usted declara tener al menos 18 a\u00f1os de edad. No recopilamos intencionadamente informaci\u00f3n personal identificable de menores de 18 a\u00f1os. En caso de que descubramos que un menor de 18 a\u00f1os nos ha proporcionado informaci\u00f3n personal, la eliminaremos inmediatamente de nuestros servidores. Si usted es padre, madre o tutor legal y sabe que su hijo\/a nos ha proporcionado informaci\u00f3n personal, p\u00f3ngase en contacto con nosotros para que podamos tomar las medidas necesarias. <\/p>\n\n\n\n<h3 class=\"wp-block-heading\">Qu\u00e9 procesos de toma de decisiones automatizadas y\/o elaboraci\u00f3n de perfiles realizamos con los datos de los usuarios.<\/h3>\n\n\n\n<p>En general, utilizamos la informaci\u00f3n no personal para mejorar el Servicio y personalizar la experiencia del usuario. Tambi\u00e9n recopilamos informaci\u00f3n no personal para realizar un seguimiento de las tendencias y analizar los patrones de uso del Servicio. Esta Pol\u00edtica de Privacidad no limita de ninguna manera nuestro uso o divulgaci\u00f3n de la informaci\u00f3n no personal, y nos reservamos el derecho de usar y divulgar dicha informaci\u00f3n a nuestros socios, anunciantes y otros terceros a nuestra entera discreci\u00f3n. <\/p>\n\n\n\n<h3 class=\"wp-block-heading\">Cambios en esta pol\u00edtica<\/h3>\n\n\n\n<p>Es posible que actualicemos nuestra Pol\u00edtica de Privacidad peri\u00f3dicamente. Por lo tanto, le recomendamos que revise esta p\u00e1gina con regularidad para estar al tanto de cualquier cambio. Le notificaremos cualquier cambio publicando la nueva Pol\u00edtica de Privacidad en esta p\u00e1gina. Estos cambios entrar\u00e1n en vigor inmediatamente despu\u00e9s de su publicaci\u00f3n. <\/p>\n\n\n\n<h3 class=\"wp-block-heading\">Cont\u00e1ctenos<\/h3>\n\n\n\n<p>Si tiene alguna pregunta o sugerencia sobre nuestra Pol\u00edtica de Privacidad, no dude en contactarnos. <a href=\"https:\/\/www.aplusdentalkids.com\/es\/contact\/\">Cont\u00e1ctanos<\/a>.<br><\/p>\n\n\n\n<p><br><\/p>","protected":false},"excerpt":{"rendered":"<p>Qui\u00e9nes somos La direcci\u00f3n de nuestro sitio web es: https:\/\/www.aplusdentalkids.com\/. Qu\u00e9 datos personales recopilamos y por qu\u00e9 los recopilamos Comentarios Cuando los visitantes dejan comentarios en el sitio, recopilamos los datos que se muestran en el formulario de comentarios, as\u00ed como la direcci\u00f3n IP del visitante y la cadena del agente de usuario del navegador para ayudar a la detecci\u00f3n de spam. Una cadena anonimizada creada a partir de [\u2026]<\/p>","protected":false},"author":1,"featured_media":0,"parent":0,"menu_order":0,"comment_status":"closed","ping_status":"open","template":"","meta":{"om_disable_all_campaigns":false,"_monsterinsights_skip_tracking":false,"_monsterinsights_sitenote_active":false,"_monsterinsights_sitenote_note":"","_monsterinsights_sitenote_category":0,"footnotes":""},"class_list":["post-3","page","type-page","status-publish","hentry"],"yoast_head":"<!-- This site is optimized with the Yoast SEO plugin v27.3 - https:\/\/yoast.com\/product\/yoast-seo-wordpress\/ -->\n<title>Privacy Policy - A+ Dental<\/title>\n<meta name=\"robots\" content=\"index, follow, max-snippet:-1, max-image-preview:large, max-video-preview:-1\" \/>\n<link rel=\"canonical\" href=\"https:\/\/www.aplusdentalkids.com\/es\/privacy-policy\/\" \/>\n<meta property=\"og:locale\" content=\"es_MX\" \/>\n<meta property=\"og:type\" content=\"article\" \/>\n<meta property=\"og:title\" content=\"Privacy Policy - A+ Dental\" \/>\n<meta property=\"og:description\" content=\"Who we are Our website address is: https:\/\/www.aplusdentalkids.com\/. What personal data we collect and why we collect it Comments When visitors leave comments on the site we collect the data shown in the comments form, and also the visitor\u2019s IP address and browser user agent string to help spam detection. An anonymized string created from [&hellip;]\" \/>\n<meta property=\"og:url\" content=\"https:\/\/www.aplusdentalkids.com\/es\/privacy-policy\/\" \/>\n<meta property=\"og:site_name\" content=\"A+ Dental\" \/>\n<meta property=\"article:publisher\" content=\"https:\/\/www.facebook.com\/aplusdentalkids\/\" \/>\n<meta property=\"article:modified_time\" content=\"2019-10-13T00:29:46+00:00\" \/>\n<meta name=\"twitter:card\" content=\"summary_large_image\" \/>\n<meta name=\"twitter:label1\" content=\"Tiempo de lectura\" \/>\n\t<meta name=\"twitter:data1\" content=\"5 minutos\" \/>\n<!-- \/ Yoast SEO plugin. -->","yoast_head_json":{"title":"Privacy Policy - A+ Dental","robots":{"index":"index","follow":"follow","max-snippet":"max-snippet:-1","max-image-preview":"max-image-preview:large","max-video-preview":"max-video-preview:-1"},"canonical":"https:\/\/www.aplusdentalkids.com\/es\/privacy-policy\/","og_locale":"es_MX","og_type":"article","og_title":"Privacy Policy - A+ Dental","og_description":"Who we are Our website address is: https:\/\/www.aplusdentalkids.com\/. What personal data we collect and why we collect it Comments When visitors leave comments on the site we collect the data shown in the comments form, and also the visitor\u2019s IP address and browser user agent string to help spam detection. An anonymized string created from [&hellip;]","og_url":"https:\/\/www.aplusdentalkids.com\/es\/privacy-policy\/","og_site_name":"A+ Dental","article_publisher":"https:\/\/www.facebook.com\/aplusdentalkids\/","article_modified_time":"2019-10-13T00:29:46+00:00","twitter_card":"summary_large_image","twitter_misc":{"Tiempo de lectura":"5 minutos"},"schema":{"@context":"https:\/\/schema.org","@graph":[{"@type":"WebPage","@id":"https:\/\/www.aplusdentalkids.com\/privacy-policy\/","url":"https:\/\/www.aplusdentalkids.com\/privacy-policy\/","name":"Privacy Policy - A+ Dental","isPartOf":{"@id":"https:\/\/www.aplusdentalkids.com\/#website"},"datePublished":"2019-01-29T18:34:25+00:00","dateModified":"2019-10-13T00:29:46+00:00","breadcrumb":{"@id":"https:\/\/www.aplusdentalkids.com\/privacy-policy\/#breadcrumb"},"inLanguage":"es","potentialAction":[{"@type":"ReadAction","target":["https:\/\/www.aplusdentalkids.com\/privacy-policy\/"]}]},{"@type":"BreadcrumbList","@id":"https:\/\/www.aplusdentalkids.com\/privacy-policy\/#breadcrumb","itemListElement":[{"@type":"ListItem","position":1,"name":"Home","item":"https:\/\/www.aplusdentalkids.com\/"},{"@type":"ListItem","position":2,"name":"Privacy Policy"}]},{"@type":"WebSite","@id":"https:\/\/www.aplusdentalkids.com\/#website","url":"https:\/\/www.aplusdentalkids.com\/","name":"A+ Dental","description":"Houston Pediatric Specialists","publisher":{"@id":"https:\/\/www.aplusdentalkids.com\/#organization"},"potentialAction":[{"@type":"SearchAction","target":{"@type":"EntryPoint","urlTemplate":"https:\/\/www.aplusdentalkids.com\/?s={search_term_string}"},"query-input":{"@type":"PropertyValueSpecification","valueRequired":true,"valueName":"search_term_string"}}],"inLanguage":"es"},{"@type":"Organization","@id":"https:\/\/www.aplusdentalkids.com\/#organization","name":"A+ Dental","url":"https:\/\/www.aplusdentalkids.com\/","logo":{"@type":"ImageObject","inLanguage":"es","@id":"https:\/\/www.aplusdentalkids.com\/#\/schema\/logo\/image\/","url":"https:\/\/www.aplusdentalkids.com\/wp-content\/uploads\/2021\/09\/cropped-Final-logo-jpg-1.png","contentUrl":"https:\/\/www.aplusdentalkids.com\/wp-content\/uploads\/2021\/09\/cropped-Final-logo-jpg-1.png","width":1366,"height":621,"caption":"A+ Dental"},"image":{"@id":"https:\/\/www.aplusdentalkids.com\/#\/schema\/logo\/image\/"},"sameAs":["https:\/\/www.facebook.com\/aplusdentalkids\/"]}]}},"_links":{"self":[{"href":"https:\/\/www.aplusdentalkids.com\/es\/wp-json\/wp\/v2\/pages\/3","targetHints":{"allow":["GET"]}}],"collection":[{"href":"https:\/\/www.aplusdentalkids.com\/es\/wp-json\/wp\/v2\/pages"}],"about":[{"href":"https:\/\/www.aplusdentalkids.com\/es\/wp-json\/wp\/v2\/types\/page"}],"author":[{"embeddable":true,"href":"https:\/\/www.aplusdentalkids.com\/es\/wp-json\/wp\/v2\/users\/1"}],"replies":[{"embeddable":true,"href":"https:\/\/www.aplusdentalkids.com\/es\/wp-json\/wp\/v2\/comments?post=3"}],"version-history":[{"count":1,"href":"https:\/\/www.aplusdentalkids.com\/es\/wp-json\/wp\/v2\/pages\/3\/revisions"}],"predecessor-version":[{"id":9197,"href":"https:\/\/www.aplusdentalkids.com\/es\/wp-json\/wp\/v2\/pages\/3\/revisions\/9197"}],"wp:attachment":[{"href":"https:\/\/www.aplusdentalkids.com\/es\/wp-json\/wp\/v2\/media?parent=3"}],"curies":[{"name":"wp","href":"https:\/\/api.w.org\/{rel}","templated":true}]}}