{"id":8521,"date":"2019-02-12T20:00:38","date_gmt":"2019-02-12T20:00:38","guid":{"rendered":"https:\/\/www.aplusdentalkids.com\/?page_id=8521"},"modified":"2025-05-30T13:42:36","modified_gmt":"2025-05-30T19:42:36","slug":"teeth-cleaning","status":"publish","type":"page","link":"https:\/\/www.aplusdentalkids.com\/es\/services\/teeth-cleaning\/","title":{"rendered":"Limpieza dental"},"content":{"rendered":"<div class=\"wpb-content-wrapper\"><div data-vc-full-width=\"true\" data-vc-full-width-temp=\"true\" data-vc-full-width-init=\"false\" class=\"vc_row wpb_row vc_row-fluid overflow-visible vc_custom_1532491986717 vc_row-has-fill vc_row-o-equal-height vc_row-o-content-middle vc_row-flex\"><div class=\"overflow-visible wpb_column vc_column_container vc_col-sm-5 vc_col-lg-5 vc_col-md-5 vc_col-xs-12\"><div class=\"vc_column-inner vc_custom_1532491764985\"><div class=\"wpb_wrapper\">\n\t<div  class=\"wpb_single_image wpb_content_element vc_align_right wpb_content_element vc_custom_1553593569904  full-width-image\">\n\t\t\n\t\t<figure class=\"wpb_wrapper vc_figure\">\n\t\t\t<div class=\"vc_single_image-wrapper   vc_box_border_grey\"><img fetchpriority=\"high\" decoding=\"async\" width=\"1080\" height=\"1080\" src=\"https:\/\/www.aplusdentalkids.com\/wp-content\/uploads\/2019\/03\/teeth-clean.png\" class=\"vc_single_image-img attachment-full\" alt=\"\" title=\"limpieza de dientes\" srcset=\"https:\/\/www.aplusdentalkids.com\/wp-content\/uploads\/2019\/03\/teeth-clean.png 1080w, https:\/\/www.aplusdentalkids.com\/wp-content\/uploads\/2019\/03\/teeth-clean-150x150.png 150w, https:\/\/www.aplusdentalkids.com\/wp-content\/uploads\/2019\/03\/teeth-clean-300x300.png 300w, https:\/\/www.aplusdentalkids.com\/wp-content\/uploads\/2019\/03\/teeth-clean-768x768.png 768w, https:\/\/www.aplusdentalkids.com\/wp-content\/uploads\/2019\/03\/teeth-clean-1024x1024.png 1024w, https:\/\/www.aplusdentalkids.com\/wp-content\/uploads\/2019\/03\/teeth-clean-600x600.png 600w, https:\/\/www.aplusdentalkids.com\/wp-content\/uploads\/2019\/03\/teeth-clean-100x100.png 100w\" sizes=\"(max-width: 1080px) 100vw, 1080px\" \/><\/div>\n\t\t<\/figure>\n\t<\/div>\n<\/div><\/div><\/div><div class=\"wpb_column vc_column_container vc_col-sm-7 vc_col-lg-7 vc_col-md-7 vc_col-xs-12\"><div class=\"vc_column-inner vc_custom_1532491823493\"><div class=\"wpb_wrapper\"><h2 style=\"font-size: 34px;color: #373737;line-height: 40px;text-align: left\" class=\"vc_custom_heading vc_do_custom_heading font-weight-bold wpb_animate_when_almost_visible wpb_fadeInUp fadeInUp vc_custom_1553578261071\" >Una buena higiene bucal es un proceso de varios pasos.<\/h2><p style=\"font-size: 17px;line-height: 28px;text-align: left\" class=\"vc_custom_heading vc_do_custom_heading font-weight-medium wpb_animate_when_almost_visible wpb_fadeInUp fadeInUp vc_custom_1553578293735\" >Con una limpieza rutinaria en la oficina y h\u00e1bitos bucales saludables en casa, tu hijo sin duda tendr\u00e1 una sonrisa hermosa y saludable.<\/p>\n\t<div class=\"wpb_text_column wpb_content_element wpb_animate_when_almost_visible wpb_fadeInUp fadeInUp vc_custom_1553578311796\" >\n\t\t<div class=\"wpb_wrapper\">\n\t\t\t<p>Mantener a su hijo libre de caries puede ser dif\u00edcil: \u00a1lo entendemos! Para ayudar a lograr este objetivo es importante ense\u00f1ar a los ni\u00f1os c\u00f3mo cepillarse los dientes y usar hilo dental correctamente desde una edad temprana. Tambi\u00e9n se debe mostrar a los padres c\u00f3mo ayudar a sus hijos, no s\u00f3lo con el cepillado, sino tambi\u00e9n proporcion\u00e1ndoles alimentos saludables que tengan menos probabilidades de provocar caries dentales. Adem\u00e1s, se recomienda que su hijo se limpie al menos dos veces al a\u00f1o para garantizar que los dep\u00f3sitos de comida y la acumulaci\u00f3n de placa se eliminen de manera eficiente.<\/p>\n\n\t\t<\/div>\n\t<\/div>\n<\/div><\/div><\/div><\/div><div class=\"vc_row-full-width vc_clearfix\"><\/div><section class=\"vc_section vc_custom_1531819128261\"><div data-vc-full-width=\"true\" data-vc-full-width-temp=\"true\" data-vc-full-width-init=\"false\" class=\"vc_row wpb_row vc_row-fluid vc_custom_1531905954512 vc_column-gap-20\"><div class=\"wpb_animate_when_almost_visible wpb_fadeInLeft fadeInLeft wpb_column vc_column_container vc_col-sm-7 vc_col-lg-8 vc_col-md-8 vc_col-xs-12\"><div class=\"vc_column-inner vc_custom_1553572654572\"><div class=\"wpb_wrapper\"><h2 style=\"font-size: 34px;color: #373737;line-height: 48px;text-align: left\" class=\"vc_custom_heading vc_do_custom_heading font-weight-bold vc_custom_1553578330508\" >\u00bfQu\u00e9 sucede durante una limpieza?<\/h2><p style=\"font-size: 17px;line-height: 26px;text-align: left\" class=\"vc_custom_heading vc_do_custom_heading font-weight-medium vc_custom_1554927508013\" ><\/p>\n\t<div class=\"wpb_text_column wpb_content_element vc_custom_1553578348831\" >\n\t\t<div class=\"wpb_wrapper\">\n\t\t\t<p>Para una limpieza profil\u00e1ctica, los dientes se limpian con un cepillo profil\u00e1ctico el\u00e9ctrico y una pasta de dientes especial. En ni\u00f1os mayores se puede utilizar un raspador ultras\u00f3nico para eliminar los c\u00e1lculos. A veces se utilizan instrumentos manuales para llegar a lugares de dif\u00edcil acceso. Despu\u00e9s de la limpieza tambi\u00e9n se puede realizar un tratamiento con fl\u00faor para fortalecer el esmalte de los dientes del ni\u00f1o. Despu\u00e9s del tratamiento con fl\u00faor, se pide a los ni\u00f1os que no coman ni beban durante al menos treinta minutos. Aunque las superficies de masticaci\u00f3n pueden sentirse pegajosas, es importante no quitar el fluoruro con cepillo porque cuanto m\u00e1s tiempo permanezca en los dientes, m\u00e1s eficaz ser\u00e1 para fortalecerlos.<\/p>\n\n\t\t<\/div>\n\t<\/div>\n\n\t<div  class=\"wpb_single_image wpb_content_element vc_align_center wpb_content_element\">\n\t\t\n\t\t<figure class=\"wpb_wrapper vc_figure\">\n\t\t\t<div class=\"vc_single_image-wrapper   vc_box_border_grey\"><img decoding=\"async\" width=\"1500\" height=\"1000\" src=\"https:\/\/www.aplusdentalkids.com\/wp-content\/uploads\/2019\/03\/3.png\" class=\"vc_single_image-img attachment-full\" alt=\"boy in dentist chair\" title=\"3\" srcset=\"https:\/\/www.aplusdentalkids.com\/wp-content\/uploads\/2019\/03\/3.png 1500w, https:\/\/www.aplusdentalkids.com\/wp-content\/uploads\/2019\/03\/3-300x200.png 300w, https:\/\/www.aplusdentalkids.com\/wp-content\/uploads\/2019\/03\/3-768x512.png 768w, https:\/\/www.aplusdentalkids.com\/wp-content\/uploads\/2019\/03\/3-1024x683.png 1024w, https:\/\/www.aplusdentalkids.com\/wp-content\/uploads\/2019\/03\/3-600x400.png 600w\" sizes=\"(max-width: 1500px) 100vw, 1500px\" \/><\/div>\n\t\t<\/figure>\n\t<\/div>\n<h2 style=\"text-align: left\" class=\"vc_custom_heading vc_do_custom_heading wpb_animate_when_almost_visible wpb_fadeInLeft fadeInLeft\" >\u00bfPor qu\u00e9 llevar a su hijo con regularidad a las citas de limpieza dental?<\/h2>\n\t<div class=\"wpb_text_column wpb_content_element vc_custom_1553578939221\" >\n\t\t<div class=\"wpb_wrapper\">\n\t\t\t<p>Llevar a su hijo a limpiezas dentales al menos dos veces al a\u00f1o es una excelente medida preventiva. El dentista podr\u00e1 detectar signos tempranos de problemas que podr\u00edan derivar en tratamientos m\u00e1s graves y costosos en el futuro.<\/p>\n\n\t\t<\/div>\n\t<\/div>\n<\/div><\/div><\/div><div class=\"wpb_animate_when_almost_visible wpb_fadeInRight fadeInRight wpb_column vc_column_container vc_col-sm-5 vc_col-lg-4 vc_col-md-4 vc_col-xs-12\"><div class=\"vc_column-inner vc_custom_1553572670689\"><div class=\"wpb_wrapper\"><div class=\"vc_row wpb_row vc_inner vc_row-fluid vc_custom_1531717312838 vc_row-has-fill\"><div class=\"wpb_column vc_column_container vc_col-sm-12\"><div class=\"vc_column-inner vc_custom_1531730594967\"><div class=\"wpb_wrapper\"><h3 style=\"font-size: 24px;color: #193a5e;line-height: 35px;text-align: left\" class=\"vc_custom_heading vc_do_custom_heading font-weight-bold vc_custom_1553563625094\" >Nuestros servicios<\/h3><!-- radiantthemes-custom-menu --><div class=\"radiantthemes-custom-menu element-one rt387041129\"    ><ul id=\"menu-our-services\" class=\"menu rt-mega-menu-transition-default\"><li id=\"menu-item-8680\" class=\"menu-item menu-item-type-post_type menu-item-object-page menu-flyout rt-mega-menu-hover item-8680\"><a  href=\"https:\/\/www.aplusdentalkids.com\/es\/services\/pediatric-oral-exams\/\">Ex\u00e1menes orales integrales<\/a><\/li>\n<li id=\"menu-item-8688\" class=\"menu-item menu-item-type-post_type menu-item-object-page menu-flyout rt-mega-menu-hover item-8688\"><a  href=\"https:\/\/www.aplusdentalkids.com\/es\/services\/teeth-cleaning\/\">Limpieza dental<\/a><\/li>\n<li id=\"menu-item-8681\" class=\"menu-item menu-item-type-post_type menu-item-object-page menu-flyout rt-mega-menu-hover item-8681\"><a  href=\"https:\/\/www.aplusdentalkids.com\/es\/services\/digital-x-rays\/\">Rayos X digitales<\/a><\/li>\n<li id=\"menu-item-8683\" class=\"menu-item menu-item-type-post_type menu-item-object-page menu-flyout rt-mega-menu-hover item-8683\"><a  href=\"https:\/\/www.aplusdentalkids.com\/es\/services\/general-anesthesia-for-kids\/\">Sedaci\u00f3n y Anestesia<\/a><\/li>\n<li id=\"menu-item-8685\" class=\"menu-item menu-item-type-post_type menu-item-object-page menu-flyout rt-mega-menu-hover item-8685\"><a  href=\"https:\/\/www.aplusdentalkids.com\/es\/services\/pediatric-dental-sealants\/\">Selladores<\/a><\/li>\n<li id=\"menu-item-8689\" class=\"menu-item menu-item-type-post_type menu-item-object-page menu-flyout rt-mega-menu-hover item-8689\"><a  href=\"https:\/\/www.aplusdentalkids.com\/es\/services\/tooth-colored-and-stainless-steel-crowns\/\">coronas<\/a><\/li>\n<li id=\"menu-item-8690\" class=\"menu-item menu-item-type-post_type menu-item-object-page menu-flyout rt-mega-menu-hover item-8690\"><a  href=\"https:\/\/www.aplusdentalkids.com\/es\/services\/tooth-colored-fillings\/\">Rellenos<\/a><\/li>\n<li id=\"menu-item-8686\" class=\"menu-item menu-item-type-post_type menu-item-object-page menu-flyout rt-mega-menu-hover item-8686\"><a  href=\"https:\/\/www.aplusdentalkids.com\/es\/services\/root-canal-therapy-for-kids\/\">Terapia de conducto radicular<\/a><\/li>\n<li id=\"menu-item-8687\" class=\"menu-item menu-item-type-post_type menu-item-object-page menu-flyout rt-mega-menu-hover item-8687\"><a  href=\"https:\/\/www.aplusdentalkids.com\/es\/services\/space-maintainers\/\">Mantenedores de espacio<\/a><\/li>\n<li id=\"menu-item-8682\" class=\"menu-item menu-item-type-post_type menu-item-object-page menu-flyout rt-mega-menu-hover item-8682\"><a  href=\"https:\/\/www.aplusdentalkids.com\/es\/services\/emergency-trauma-care\/\">Odontopediatra de urgencia<\/a><\/li>\n<\/ul><\/div>\r<!-- radiantthemes-custom-menu -->\r<\/div><\/div><\/div><\/div><div class=\"vc_row wpb_row vc_inner vc_row-fluid background-position-right-bottom vc_custom_1531916219608 vc_row-has-fill\"><div class=\"wpb_column vc_column_container vc_col-sm-12\"><div class=\"vc_column-inner vc_custom_1531804552714\"><div class=\"wpb_wrapper\"><h3 style=\"font-size: 24px;color: #ffffff;line-height: 35px;text-align: left\" class=\"vc_custom_heading vc_do_custom_heading font-weight-bold vc_custom_1553565432787\" ><a href=\"https:\/\/www.aplusdentalkids.com\/es\/contact\/\" title=\"Contacta con A+ Odontolog\u00eda Especialistas Pedi\u00e1tricos\">Horas de operaci\u00f3n<\/a><\/h3>\n\t<div class=\"wpb_text_column wpb_content_element font-weight-medium\" >\n\t\t<div class=\"wpb_wrapper\">\n\t\t\t<table class=\"table\">\n<tbody>\n<tr>\n<td><span style=\"color: #ffffff;\">Martes viernes<\/span><\/td>\n<td><span style=\"color: #ffffff;\">11:00 &#8211; 6:00<\/span><\/td>\n<\/tr>\n<tr>\n<td><span style=\"color: #ffffff;\">S\u00e1bado<\/span><\/td>\n<td><span style=\"color: #ffffff;\">10:00 &#8211; 2:00<\/span><\/td>\n<\/tr>\n<tr>\n<td><span style=\"color: #ffffff;\">Domingo Lunes<\/span><\/td>\n<td><span style=\"color: #ffffff;\">Cerrado<\/span><\/td>\n<\/tr>\n<\/tbody>\n<\/table>\n\n\t\t<\/div>\n\t<\/div>\n<\/div><\/div><\/div><\/div><\/div><\/div><\/div><\/div><div class=\"vc_row-full-width vc_clearfix\"><\/div><\/section>\n<\/div>","protected":false},"excerpt":{"rendered":"Una buena higiene bucal es un proceso de varios pasos. Con una limpieza rutinaria en el consultorio y h\u00e1bitos bucales saludables en casa, su hijo sin duda tendr\u00e1 una sonrisa hermosa y saludable. Mantener a su hijo libre de caries puede ser dif\u00edcil: \u00a1lo entendemos! Para ayudar a lograr este objetivo es importante ense\u00f1ar a los ni\u00f1os c\u00f3mo cepillarse [...]","protected":false},"author":1,"featured_media":0,"parent":7970,"menu_order":1,"comment_status":"closed","ping_status":"closed","template":"","meta":{"om_disable_all_campaigns":false,"_monsterinsights_skip_tracking":false,"_monsterinsights_sitenote_active":false,"_monsterinsights_sitenote_note":"","_monsterinsights_sitenote_category":0,"footnotes":""},"class_list":["post-8521","page","type-page","status-publish","hentry"],"yoast_head":"<!-- This site is optimized with the Yoast SEO plugin v27.4 - https:\/\/yoast.com\/product\/yoast-seo-wordpress\/ -->\n<title>Teeth Cleaning - A+ Dental Pediatric Specialists - Local Houston Dentist<\/title>\n<meta name=\"description\" content=\"Bringing your child in for teeth cleanings at least twice a year is a great preventive measure. The dentist will be able to detect early signs of problems.\" \/>\n<meta name=\"robots\" content=\"index, follow, max-snippet:-1, max-image-preview:large, max-video-preview:-1\" \/>\n<link rel=\"canonical\" href=\"https:\/\/www.aplusdentalkids.com\/es\/services\/teeth-cleaning\/\" \/>\n<meta property=\"og:locale\" content=\"es_MX\" \/>\n<meta property=\"og:type\" content=\"article\" \/>\n<meta property=\"og:title\" content=\"Teeth Cleaning - A+ Dental Pediatric Specialists - Local Houston Dentist\" \/>\n<meta property=\"og:description\" content=\"Bringing your child in for teeth cleanings at least twice a year is a great preventive measure. The dentist will be able to detect early signs of problems.\" \/>\n<meta property=\"og:url\" content=\"https:\/\/www.aplusdentalkids.com\/es\/services\/teeth-cleaning\/\" \/>\n<meta property=\"og:site_name\" content=\"A+ Dental\" \/>\n<meta property=\"article:publisher\" content=\"https:\/\/www.facebook.com\/aplusdentalkids\/\" \/>\n<meta property=\"article:modified_time\" content=\"2025-05-30T19:42:36+00:00\" \/>\n<meta name=\"twitter:card\" content=\"summary_large_image\" \/>\n<meta name=\"twitter:label1\" content=\"Tiempo de lectura\" \/>\n\t<meta name=\"twitter:data1\" content=\"5 minutos\" \/>\n<!-- \/ Yoast SEO plugin. -->","yoast_head_json":{"title":"Teeth Cleaning - A+ Dental Pediatric Specialists - Local Houston Dentist","description":"Bringing your child in for teeth cleanings at least twice a year is a great preventive measure. The dentist will be able to detect early signs of problems.","robots":{"index":"index","follow":"follow","max-snippet":"max-snippet:-1","max-image-preview":"max-image-preview:large","max-video-preview":"max-video-preview:-1"},"canonical":"https:\/\/www.aplusdentalkids.com\/es\/services\/teeth-cleaning\/","og_locale":"es_MX","og_type":"article","og_title":"Teeth Cleaning - A+ Dental Pediatric Specialists - Local Houston Dentist","og_description":"Bringing your child in for teeth cleanings at least twice a year is a great preventive measure. The dentist will be able to detect early signs of problems.","og_url":"https:\/\/www.aplusdentalkids.com\/es\/services\/teeth-cleaning\/","og_site_name":"A+ Dental","article_publisher":"https:\/\/www.facebook.com\/aplusdentalkids\/","article_modified_time":"2025-05-30T19:42:36+00:00","twitter_card":"summary_large_image","twitter_misc":{"Tiempo de lectura":"5 minutos"},"schema":{"@context":"https:\/\/schema.org","@graph":[{"@type":"WebPage","@id":"https:\/\/www.aplusdentalkids.com\/services\/teeth-cleaning\/","url":"https:\/\/www.aplusdentalkids.com\/services\/teeth-cleaning\/","name":"Teeth Cleaning - A+ Dental Pediatric Specialists - Local Houston Dentist","isPartOf":{"@id":"https:\/\/www.aplusdentalkids.com\/#website"},"datePublished":"2019-02-12T20:00:38+00:00","dateModified":"2025-05-30T19:42:36+00:00","description":"Bringing your child in for teeth cleanings at least twice a year is a great preventive measure. The dentist will be able to detect early signs of problems.","breadcrumb":{"@id":"https:\/\/www.aplusdentalkids.com\/services\/teeth-cleaning\/#breadcrumb"},"inLanguage":"es","potentialAction":[{"@type":"ReadAction","target":["https:\/\/www.aplusdentalkids.com\/services\/teeth-cleaning\/"]}]},{"@type":"BreadcrumbList","@id":"https:\/\/www.aplusdentalkids.com\/services\/teeth-cleaning\/#breadcrumb","itemListElement":[{"@type":"ListItem","position":1,"name":"Home","item":"https:\/\/www.aplusdentalkids.com\/"},{"@type":"ListItem","position":2,"name":"Services","item":"https:\/\/www.aplusdentalkids.com\/services\/"},{"@type":"ListItem","position":3,"name":"Teeth Cleaning"}]},{"@type":"WebSite","@id":"https:\/\/www.aplusdentalkids.com\/#website","url":"https:\/\/www.aplusdentalkids.com\/","name":"A+ Dental","description":"Houston Pediatric Specialists","publisher":{"@id":"https:\/\/www.aplusdentalkids.com\/#organization"},"potentialAction":[{"@type":"SearchAction","target":{"@type":"EntryPoint","urlTemplate":"https:\/\/www.aplusdentalkids.com\/?s={search_term_string}"},"query-input":{"@type":"PropertyValueSpecification","valueRequired":true,"valueName":"search_term_string"}}],"inLanguage":"es"},{"@type":"Organization","@id":"https:\/\/www.aplusdentalkids.com\/#organization","name":"A+ Dental","url":"https:\/\/www.aplusdentalkids.com\/","logo":{"@type":"ImageObject","inLanguage":"es","@id":"https:\/\/www.aplusdentalkids.com\/#\/schema\/logo\/image\/","url":"https:\/\/www.aplusdentalkids.com\/wp-content\/uploads\/2021\/09\/cropped-Final-logo-jpg-1.png","contentUrl":"https:\/\/www.aplusdentalkids.com\/wp-content\/uploads\/2021\/09\/cropped-Final-logo-jpg-1.png","width":1366,"height":621,"caption":"A+ Dental"},"image":{"@id":"https:\/\/www.aplusdentalkids.com\/#\/schema\/logo\/image\/"},"sameAs":["https:\/\/www.facebook.com\/aplusdentalkids\/"]}]}},"_links":{"self":[{"href":"https:\/\/www.aplusdentalkids.com\/es\/wp-json\/wp\/v2\/pages\/8521","targetHints":{"allow":["GET"]}}],"collection":[{"href":"https:\/\/www.aplusdentalkids.com\/es\/wp-json\/wp\/v2\/pages"}],"about":[{"href":"https:\/\/www.aplusdentalkids.com\/es\/wp-json\/wp\/v2\/types\/page"}],"author":[{"embeddable":true,"href":"https:\/\/www.aplusdentalkids.com\/es\/wp-json\/wp\/v2\/users\/1"}],"replies":[{"embeddable":true,"href":"https:\/\/www.aplusdentalkids.com\/es\/wp-json\/wp\/v2\/comments?post=8521"}],"version-history":[{"count":11,"href":"https:\/\/www.aplusdentalkids.com\/es\/wp-json\/wp\/v2\/pages\/8521\/revisions"}],"predecessor-version":[{"id":14317,"href":"https:\/\/www.aplusdentalkids.com\/es\/wp-json\/wp\/v2\/pages\/8521\/revisions\/14317"}],"up":[{"embeddable":true,"href":"https:\/\/www.aplusdentalkids.com\/es\/wp-json\/wp\/v2\/pages\/7970"}],"wp:attachment":[{"href":"https:\/\/www.aplusdentalkids.com\/es\/wp-json\/wp\/v2\/media?parent=8521"}],"curies":[{"name":"wp","href":"https:\/\/api.w.org\/{rel}","templated":true}]}}