{"id":8542,"date":"2019-02-12T20:40:14","date_gmt":"2019-02-12T20:40:14","guid":{"rendered":"https:\/\/www.aplusdentalkids.com\/?page_id=8542"},"modified":"2025-05-30T13:45:12","modified_gmt":"2025-05-30T19:45:12","slug":"tooth-colored-and-stainless-steel-crowns","status":"publish","type":"page","link":"https:\/\/www.aplusdentalkids.com\/es\/services\/tooth-colored-and-stainless-steel-crowns\/","title":{"rendered":"Coronas de acero inoxidable y del color de los dientes"},"content":{"rendered":"<div class=\"wpb-content-wrapper\"><div data-vc-full-width=\"true\" data-vc-full-width-temp=\"true\" data-vc-full-width-init=\"false\" class=\"vc_row wpb_row vc_row-fluid overflow-visible vc_custom_1532491986717 vc_row-has-fill vc_row-o-equal-height vc_row-o-content-middle vc_row-flex\"><div class=\"overflow-visible wpb_column vc_column_container vc_col-sm-5 vc_col-lg-5 vc_col-md-5 vc_col-xs-12\"><div class=\"vc_column-inner vc_custom_1532491764985\"><div class=\"wpb_wrapper\">\n\t<div  class=\"wpb_single_image wpb_content_element vc_align_right wpb_content_element vc_custom_1553563594442  full-width-image\">\n\t\t\n\t\t<figure class=\"wpb_wrapper vc_figure\">\n\t\t\t<div class=\"vc_single_image-wrapper   vc_box_border_grey\"><img fetchpriority=\"high\" decoding=\"async\" width=\"412\" height=\"338\" src=\"https:\/\/www.aplusdentalkids.com\/wp-content\/uploads\/2018\/07\/school-sports-physicals.png\" class=\"vc_single_image-img attachment-full\" alt=\"\" title=\"escuela-deporte-fisica\" \/><\/div>\n\t\t<\/figure>\n\t<\/div>\n<\/div><\/div><\/div><div class=\"wpb_column vc_column_container vc_col-sm-7 vc_col-lg-7 vc_col-md-7 vc_col-xs-12\"><div class=\"vc_column-inner vc_custom_1532491823493\"><div class=\"wpb_wrapper\"><h2 style=\"font-size: 34px;color: #373737;line-height: 40px;text-align: left\" class=\"vc_custom_heading vc_do_custom_heading font-weight-bold wpb_animate_when_almost_visible wpb_fadeInUp fadeInUp vc_custom_1553582382292\" >\u00bfPor qu\u00e9 ser\u00eda necesario restaurar los dientes de leche con una corona?<\/h2><p style=\"font-size: 20px;color: #373737;line-height: 22px;text-align: left\" class=\"vc_custom_heading vc_do_custom_heading font-weight-bold wpb_animate_when_almost_visible wpb_fadeInUp fadeInUp vc_custom_1553582630798\" >Los dientes de leche que muestran evidencia de caries extensas a veces se pueden salvar mediante el uso de una corona.<\/p>\n\t<div class=\"wpb_text_column wpb_content_element wpb_animate_when_almost_visible wpb_fadeInUp fadeInUp vc_custom_1553582423515\" >\n\t\t<div class=\"wpb_wrapper\">\n\t\t\t<p>Ocasionalmente, especialmente en los dientes anteriores superiores, es posible utilizar una corona del color del diente. Estas coronas se pueden utilizar para proteger los dientes frontales cuando se agrietan o se astillan, se han sometido a un tratamiento de conducto o muestran signos de caries extensas. En particular, si la caries o la caries se ha extendido a diferentes superficies del diente o ha alcanzado el nervio del diente, es posible que sea necesario realizar una endodoncia para beb\u00e9s. En ese momento, el diente se debilita y es m\u00e1s probable que se agriete. En estos casos, es importante sellar el conducto radicular y proteger el diente mediante el uso de una corona.<\/p>\n\n\t\t<\/div>\n\t<\/div>\n<\/div><\/div><\/div><\/div><div class=\"vc_row-full-width vc_clearfix\"><\/div><section class=\"vc_section vc_custom_1531819128261\"><div data-vc-full-width=\"true\" data-vc-full-width-temp=\"true\" data-vc-full-width-init=\"false\" class=\"vc_row wpb_row vc_row-fluid vc_custom_1531905954512 vc_column-gap-20\"><div class=\"wpb_animate_when_almost_visible wpb_fadeInLeft fadeInLeft wpb_column vc_column_container vc_col-sm-7 vc_col-lg-8 vc_col-md-8 vc_col-xs-12\"><div class=\"vc_column-inner vc_custom_1553572654572\"><div class=\"wpb_wrapper\"><h2 style=\"font-size: 34px;color: #373737;line-height: 48px;text-align: left\" class=\"vc_custom_heading vc_do_custom_heading font-weight-bold vc_custom_1553582448674\" >\u00bfQu\u00e9 tipo de corona (del color del diente o plateada) es mejor para restaurar los dientes de leche?<\/h2>\n\t<div class=\"wpb_text_column wpb_content_element vc_custom_1553582460608\" >\n\t\t<div class=\"wpb_wrapper\">\n\t\t\t<p>En general, para los dientes frontales superiores, los especialistas de A+ Dental pueden utilizar coronas del color del diente. Estas coronas son est\u00e9ticas y fuertes. Sin embargo, para los molares de leche que est\u00e1n constantemente expuestos a masticar y triturar, las coronas plateadas de acero inoxidable son la opci\u00f3n recomendada.<\/p>\n\n\t\t<\/div>\n\t<\/div>\n<h2 style=\"font-size: 34px;color: #373737;line-height: 48px;text-align: left\" class=\"vc_custom_heading vc_do_custom_heading font-weight-bold vc_custom_1553582472952\" >\u00bfHay alguna precauci\u00f3n que se deba tomar despu\u00e9s de colocar una corona en un diente de leche?<\/h2>\n\t<div class=\"wpb_text_column wpb_content_element vc_custom_1553582727973\" >\n\t\t<div class=\"wpb_wrapper\">\n\t\t\t<p>Inmediatamente despu\u00e9s del tratamiento, es importante que el ni\u00f1o no coma nada demasiado duro o pegajoso.<\/p>\n<p>Las patatas fritas y los trozos de palomitas de ma\u00edz pueden quedarse atrapados debajo de la corona, lo que resulta inc\u00f3modo. Adem\u00e1s, los caramelos duros o pegajosos, como el chicle, pueden desplazar la corona. Si una corona se desplaza, se debe llevar al ni\u00f1o al consultorio dental para que la vuelvan a cementar. Sin embargo, para evitar que esto suceda, los padres deben tener cuidado con lo que come el ni\u00f1o despu\u00e9s del tratamiento. A menudo recomendamos alimentos m\u00e1s blandos. Adem\u00e1s, a veces las enc\u00edas pueden irritarse ligeramente con la nueva corona. Es importante seguir cepillando las enc\u00edas de estos dientes para evitar una mayor irritaci\u00f3n o infecci\u00f3n.<\/p>\n\n\t\t<\/div>\n\t<\/div>\n\n\t<div class=\"wpb_text_column wpb_content_element\" >\n\t\t<div class=\"wpb_wrapper\">\n\t\t\t<p>Durante este tiempo, es importante seguir cepill\u00e1ndose, especialmente alrededor de las enc\u00edas del diente, para evitar que se inflamen. Si siente dolor o irritaci\u00f3n excesivos, lleve al ni\u00f1o al consultorio dental para una nueva evaluaci\u00f3n.<\/p>\n\n\t\t<\/div>\n\t<\/div>\n<\/div><\/div><\/div><div class=\"wpb_animate_when_almost_visible wpb_fadeInRight fadeInRight wpb_column vc_column_container vc_col-sm-5 vc_col-lg-4 vc_col-md-4 vc_col-xs-12\"><div class=\"vc_column-inner vc_custom_1553572670689\"><div class=\"wpb_wrapper\"><div class=\"vc_row wpb_row vc_inner vc_row-fluid vc_custom_1531717312838 vc_row-has-fill\"><div class=\"wpb_column vc_column_container vc_col-sm-12\"><div class=\"vc_column-inner vc_custom_1531730594967\"><div class=\"wpb_wrapper\"><h3 style=\"font-size: 24px;color: #193a5e;line-height: 35px;text-align: left\" class=\"vc_custom_heading vc_do_custom_heading font-weight-bold vc_custom_1553563625094\" >Nuestros servicios<\/h3><!-- radiantthemes-custom-menu --><div class=\"radiantthemes-custom-menu element-one rt1231891459\"    ><ul id=\"menu-our-services\" class=\"menu rt-mega-menu-transition-default\"><li id=\"menu-item-8680\" class=\"menu-item menu-item-type-post_type menu-item-object-page menu-flyout rt-mega-menu-hover item-8680\"><a  href=\"https:\/\/www.aplusdentalkids.com\/es\/services\/pediatric-oral-exams\/\">Ex\u00e1menes orales integrales<\/a><\/li>\n<li id=\"menu-item-8688\" class=\"menu-item menu-item-type-post_type menu-item-object-page menu-flyout rt-mega-menu-hover item-8688\"><a  href=\"https:\/\/www.aplusdentalkids.com\/es\/services\/teeth-cleaning\/\">Limpieza dental<\/a><\/li>\n<li id=\"menu-item-8681\" class=\"menu-item menu-item-type-post_type menu-item-object-page menu-flyout rt-mega-menu-hover item-8681\"><a  href=\"https:\/\/www.aplusdentalkids.com\/es\/services\/digital-x-rays\/\">Rayos X digitales<\/a><\/li>\n<li id=\"menu-item-8683\" class=\"menu-item menu-item-type-post_type menu-item-object-page menu-flyout rt-mega-menu-hover item-8683\"><a  href=\"https:\/\/www.aplusdentalkids.com\/es\/services\/general-anesthesia-for-kids\/\">Sedaci\u00f3n y Anestesia<\/a><\/li>\n<li id=\"menu-item-8685\" class=\"menu-item menu-item-type-post_type menu-item-object-page menu-flyout rt-mega-menu-hover item-8685\"><a  href=\"https:\/\/www.aplusdentalkids.com\/es\/services\/pediatric-dental-sealants\/\">Selladores<\/a><\/li>\n<li id=\"menu-item-8689\" class=\"menu-item menu-item-type-post_type menu-item-object-page menu-flyout rt-mega-menu-hover item-8689\"><a  href=\"https:\/\/www.aplusdentalkids.com\/es\/services\/tooth-colored-and-stainless-steel-crowns\/\">coronas<\/a><\/li>\n<li id=\"menu-item-8690\" class=\"menu-item menu-item-type-post_type menu-item-object-page menu-flyout rt-mega-menu-hover item-8690\"><a  href=\"https:\/\/www.aplusdentalkids.com\/es\/services\/tooth-colored-fillings\/\">Rellenos<\/a><\/li>\n<li id=\"menu-item-8686\" class=\"menu-item menu-item-type-post_type menu-item-object-page menu-flyout rt-mega-menu-hover item-8686\"><a  href=\"https:\/\/www.aplusdentalkids.com\/es\/services\/root-canal-therapy-for-kids\/\">Terapia de conducto radicular<\/a><\/li>\n<li id=\"menu-item-8687\" class=\"menu-item menu-item-type-post_type menu-item-object-page menu-flyout rt-mega-menu-hover item-8687\"><a  href=\"https:\/\/www.aplusdentalkids.com\/es\/services\/space-maintainers\/\">Mantenedores de espacio<\/a><\/li>\n<li id=\"menu-item-8682\" class=\"menu-item menu-item-type-post_type menu-item-object-page menu-flyout rt-mega-menu-hover item-8682\"><a  href=\"https:\/\/www.aplusdentalkids.com\/es\/services\/emergency-trauma-care\/\">Odontopediatra de urgencia<\/a><\/li>\n<\/ul><\/div>\r<!-- radiantthemes-custom-menu -->\r<\/div><\/div><\/div><\/div><div class=\"vc_row wpb_row vc_inner vc_row-fluid background-position-right-bottom vc_custom_1531916219608 vc_row-has-fill\"><div class=\"wpb_column vc_column_container vc_col-sm-12\"><div class=\"vc_column-inner vc_custom_1531804552714\"><div class=\"wpb_wrapper\"><h3 style=\"font-size: 24px;color: #ffffff;line-height: 35px;text-align: left\" class=\"vc_custom_heading vc_do_custom_heading font-weight-bold vc_custom_1553565432787\" ><a href=\"https:\/\/www.aplusdentalkids.com\/es\/contact\/\" title=\"Contacta con A+ Odontolog\u00eda Especialistas Pedi\u00e1tricos\">Horas de operaci\u00f3n<\/a><\/h3>\n\t<div class=\"wpb_text_column wpb_content_element font-weight-medium\" >\n\t\t<div class=\"wpb_wrapper\">\n\t\t\t<table class=\"table\">\n<tbody>\n<tr>\n<td><span style=\"color: #ffffff;\">Martes viernes<\/span><\/td>\n<td><span style=\"color: #ffffff;\">11:00 &#8211; 6:00<\/span><\/td>\n<\/tr>\n<tr>\n<td><span style=\"color: #ffffff;\">S\u00e1bado<\/span><\/td>\n<td><span style=\"color: #ffffff;\">10:00 &#8211; 2:00<\/span><\/td>\n<\/tr>\n<tr>\n<td><span style=\"color: #ffffff;\">Domingo Lunes<\/span><\/td>\n<td><span style=\"color: #ffffff;\">Cerrado<\/span><\/td>\n<\/tr>\n<\/tbody>\n<\/table>\n\n\t\t<\/div>\n\t<\/div>\n<\/div><\/div><\/div><\/div><\/div><\/div><\/div><\/div><div class=\"vc_row-full-width vc_clearfix\"><\/div><\/section><section data-vc-full-width=\"true\" data-vc-full-width-temp=\"true\" data-vc-full-width-init=\"false\" class=\"vc_section vc_custom_1553596750934 vc_section-has-fill\"><div data-vc-full-width=\"true\" data-vc-full-width-temp=\"true\" data-vc-full-width-init=\"false\" class=\"vc_row wpb_row vc_row-fluid vc_custom_1519735285326 vc_row-has-fill vc_row-o-equal-height vc_row-flex\"><div class=\"wpb_column vc_column_container vc_col-sm-2\"><div class=\"vc_column-inner vc_custom_1519735313463\"><div class=\"wpb_wrapper\"><\/div><\/div><\/div><div class=\"wpb_column vc_column_container vc_col-sm-8\"><div class=\"vc_column-inner vc_custom_1519733264007\"><div class=\"wpb_wrapper\"><h2 style=\"font-size: 15px;line-height: 35px;text-align: center\" class=\"vc_custom_heading vc_do_custom_heading font-weight-medium vc_custom_1528107042623\" >PONERSE EN CONTACTO<\/h2><h3 style=\"font-size: 40px;line-height: 48px;text-align: center\" class=\"vc_custom_heading vc_do_custom_heading font-weight-bold vc_custom_1552989590813\" >Haznos una pregunta o agenda una cita<\/h3>\n\t<div class=\"wpb_text_column wpb_content_element vc_custom_1552989655935\" >\n\t\t<div class=\"wpb_wrapper\">\n\t\t\t<p style=\"text-align: center;\">Estamos ansiosos por hablar con usted sobre c\u00f3mo podemos hacer que la sonrisa de su hijo sea saludable y feliz. Ll\u00e1menos al 832-241-3434 o complete el formulario a continuaci\u00f3n. Un miembro del equipo se pondr\u00e1 en contacto dentro de 24 a 48 horas h\u00e1biles.<\/p>\n\n\t\t<\/div>\n\t<\/div>\n<div class=\"vc_row wpb_row vc_inner vc_row-fluid vc_custom_1519730957211\"><div class=\"wpb_column vc_column_container vc_col-sm-12\"><div class=\"vc_column-inner\"><div class=\"wpb_wrapper\">\n\t<div class=\"wpb_raw_code wpb_raw_html wpb_content_element\" >\n\t\t<div class=\"wpb_wrapper\">\n\t\t\t\t\t<div data-elementor-type=\"section\" data-elementor-id=\"14216\" class=\"elementor elementor-14216\" data-elementor-post-type=\"elementor_library\">\n\t\t\t<div class=\"elementor-element elementor-element-026d4b8 e-con-full e-flex e-con e-parent\" data-id=\"026d4b8\" data-element_type=\"container\" data-e-type=\"container\">\n\t\t\t\t<div class=\"elementor-element elementor-element-817f689 elementor-button-align-center elementor-widget elementor-widget-form\" data-id=\"817f689\" data-element_type=\"widget\" data-e-type=\"widget\" data-settings=\"{&quot;step_next_label&quot;:&quot;Next&quot;,&quot;step_previous_label&quot;:&quot;Previous&quot;,&quot;button_width&quot;:&quot;100&quot;,&quot;step_type&quot;:&quot;number_text&quot;,&quot;step_icon_shape&quot;:&quot;circle&quot;}\" data-widget_type=\"form.default\">\n\t\t\t\t<div class=\"elementor-widget-container\">\n\t\t\t\t\t\t\t<form class=\"elementor-form\" method=\"post\" name=\"New Form\" aria-label=\"Nueva forma\" action=\"\">\n\t\t\t<input type=\"hidden\" name=\"post_id\" value=\"14216\"\/>\n\t\t\t<input type=\"hidden\" name=\"form_id\" value=\"817f689\"\/>\n\t\t\t<input type=\"hidden\" name=\"referer_title\" value=\"Pediatric Dentist in Houston - A+ Dental Pediatric Specialists\" \/>\n\n\t\t\t\t\t\t\t<input type=\"hidden\" name=\"queried_id\" value=\"7779\"\/>\n\t\t\t\n\t\t\t<div class=\"elementor-form-fields-wrapper elementor-labels-\">\n\t\t\t\t\t\t\t\t<div class=\"elementor-field-type-text elementor-field-group elementor-column elementor-field-group-name elementor-col-50 elementor-field-required\">\n\t\t\t\t\t\t\t\t\t\t\t\t<label for=\"form-field-name\" class=\"elementor-field-label elementor-screen-only\">\n\t\t\t\t\t\t\t\tNombre\t\t\t\t\t\t\t<\/label>\n\t\t\t\t\t\t\t\t\t\t\t\t\t\t<input size=\"1\" type=\"text\" name=\"form_fields[name]\" id=\"form-field-name\" class=\"elementor-field elementor-size-sm  elementor-field-textual\" placeholder=\"Su nombre:\" required=\"required\">\n\t\t\t\t\t\t\t\t\t\t\t<\/div>\n\t\t\t\t\t\t\t\t<div class=\"elementor-field-type-email elementor-field-group elementor-column elementor-field-group-email elementor-col-50 elementor-field-required\">\n\t\t\t\t\t\t\t\t\t\t\t\t<label for=\"form-field-email\" class=\"elementor-field-label elementor-screen-only\">\n\t\t\t\t\t\t\t\tCorreo electr\u00f3nico\t\t\t\t\t\t\t<\/label>\n\t\t\t\t\t\t\t\t\t\t\t\t\t\t<input size=\"1\" type=\"email\" name=\"form_fields[email]\" id=\"form-field-email\" class=\"elementor-field elementor-size-sm  elementor-field-textual\" placeholder=\"Tu correo electr\u00f3nico:\" required=\"required\">\n\t\t\t\t\t\t\t\t\t\t\t<\/div>\n\t\t\t\t\t\t\t\t<div class=\"elementor-field-type-tel elementor-field-group elementor-column elementor-field-group-field_58dd5af elementor-col-50 elementor-field-required\">\n\t\t\t\t\t\t\t\t\t\t\t\t<label for=\"form-field-field_58dd5af\" class=\"elementor-field-label elementor-screen-only\">\n\t\t\t\t\t\t\t\tTel\u00e9fono:\t\t\t\t\t\t\t<\/label>\n\t\t\t\t\t\t\t\t<input size=\"1\" type=\"tel\" name=\"form_fields[field_58dd5af]\" id=\"form-field-field_58dd5af\" class=\"elementor-field elementor-size-sm  elementor-field-textual\" placeholder=\"Su tel\u00e9fono:\" required=\"required\" pattern=\"[0-9()#&amp;+*-=.]+\" title=\"S\u00f3lo se aceptan n\u00fameros y caracteres telef\u00f3nicos (#, -, *, etc.).\">\n\n\t\t\t\t\t\t<\/div>\n\t\t\t\t\t\t\t\t<div class=\"elementor-field-type-text elementor-field-group elementor-column elementor-field-group-field_4d5ff04 elementor-col-50\">\n\t\t\t\t\t\t\t\t\t\t\t\t<label for=\"form-field-field_4d5ff04\" class=\"elementor-field-label elementor-screen-only\">\n\t\t\t\t\t\t\t\tSujeto\t\t\t\t\t\t\t<\/label>\n\t\t\t\t\t\t\t\t\t\t\t\t\t\t<input size=\"1\" type=\"text\" name=\"form_fields[field_4d5ff04]\" id=\"form-field-field_4d5ff04\" class=\"elementor-field elementor-size-sm  elementor-field-textual\" placeholder=\"Sujeto:\">\n\t\t\t\t\t\t\t\t\t\t\t<\/div>\n\t\t\t\t\t\t\t\t<div class=\"elementor-field-type-textarea elementor-field-group elementor-column elementor-field-group-message elementor-col-100\">\n\t\t\t\t\t\t\t\t\t\t\t\t<label for=\"form-field-message\" class=\"elementor-field-label elementor-screen-only\">\n\t\t\t\t\t\t\t\tMensaje\t\t\t\t\t\t\t<\/label>\n\t\t\t\t\t\t<textarea class=\"elementor-field-textual elementor-field  elementor-size-sm\" name=\"form_fields[message]\" id=\"form-field-message\" rows=\"4\" placeholder=\"Mensaje\"><\/textarea>\t\t\t\t<\/div>\n\t\t\t\t\t\t\t\t<div class=\"elementor-field-type-text\">\n\t\t\t\t\t<input size=\"1\" type=\"text\" name=\"form_fields[field_82fd1bb]\" id=\"form-field-field_82fd1bb\" class=\"elementor-field elementor-size-sm\" style=\"display:none !important;\">\t\t\t\t<\/div>\n\t\t\t\t\t\t\t\t<div class=\"elementor-field-group elementor-column elementor-field-type-submit elementor-col-100 e-form__buttons\">\n\t\t\t\t\t<button class=\"elementor-button elementor-size-sm\" type=\"submit\">\n\t\t\t\t\t\t<span class=\"elementor-button-content-wrapper\">\n\t\t\t\t\t\t\t\t\t\t\t\t\t\t\t\t\t\t\t\t\t\t<span class=\"elementor-button-text\">Enviar<\/span>\n\t\t\t\t\t\t\t\t\t\t\t\t\t<\/span>\n\t\t\t\t\t<\/button>\n\t\t\t\t<\/div>\n\t\t\t<\/div>\n\t\t<input\n                    class=\"apbct_special_field apbct_email_id__elementor_form\"\n                    name=\"apbct__email_id__elementor_form\"\n                    aria-label=\"apbct__label_id__elementor_form\"\n                    type=\"text\" size=\"30\" maxlength=\"200\" autocomplete=\"off\"\n                    value=\"\"\n                \/><input type=\"hidden\" name=\"trp-form-language\" value=\"es\"\/><\/form>\n\t\t\t\t\t\t<\/div>\n\t\t\t\t<\/div>\n\t\t\t\t<\/div>\n\t\t\t\t<\/div>\n\t\t\n\t\t<\/div>\n\t<\/div>\n<\/div><\/div><\/div><\/div><\/div><\/div><\/div><div class=\"wpb_column vc_column_container vc_col-sm-2\"><div class=\"vc_column-inner\"><div class=\"wpb_wrapper\"><\/div><\/div><\/div><\/div><div class=\"vc_row-full-width vc_clearfix\"><\/div><\/section><div class=\"vc_row-full-width vc_clearfix\"><\/div>\n<\/div>","protected":false},"excerpt":{"rendered":"\u00bfPor qu\u00e9 es necesario restaurar los dientes de leche con una corona? Los dientes de leche que muestran signos de caries extensas a veces se pueden salvar mediante el uso de una corona. En ocasiones, especialmente en los dientes anteriores superiores, es posible utilizar una corona del color del diente. Estas coronas se pueden utilizar para proteger los dientes frontales cuando se agrietan [...]","protected":false},"author":1,"featured_media":0,"parent":7970,"menu_order":5,"comment_status":"closed","ping_status":"closed","template":"","meta":{"om_disable_all_campaigns":false,"_monsterinsights_skip_tracking":false,"_monsterinsights_sitenote_active":false,"_monsterinsights_sitenote_note":"","_monsterinsights_sitenote_category":0,"footnotes":""},"class_list":["post-8542","page","type-page","status-publish","hentry"],"yoast_head":"<!-- This site is optimized with the Yoast SEO plugin v27.5 - https:\/\/yoast.com\/product\/yoast-seo-wordpress\/ -->\n<title>Tooth Colored And Stainless Steel Crowns - A+ Dental<\/title>\n<meta name=\"robots\" content=\"index, follow, max-snippet:-1, max-image-preview:large, max-video-preview:-1\" \/>\n<link rel=\"canonical\" href=\"https:\/\/www.aplusdentalkids.com\/es\/services\/tooth-colored-and-stainless-steel-crowns\/\" \/>\n<meta property=\"og:locale\" content=\"es_MX\" \/>\n<meta property=\"og:type\" content=\"article\" \/>\n<meta property=\"og:title\" content=\"Tooth Colored And Stainless Steel Crowns - A+ Dental\" \/>\n<meta property=\"og:url\" content=\"https:\/\/www.aplusdentalkids.com\/es\/services\/tooth-colored-and-stainless-steel-crowns\/\" \/>\n<meta property=\"og:site_name\" content=\"A+ Dental\" \/>\n<meta property=\"article:publisher\" content=\"https:\/\/www.facebook.com\/aplusdentalkids\/\" \/>\n<meta property=\"article:modified_time\" content=\"2025-05-30T19:45:12+00:00\" \/>\n<meta name=\"twitter:card\" content=\"summary_large_image\" \/>\n<meta name=\"twitter:label1\" content=\"Tiempo de lectura\" \/>\n\t<meta name=\"twitter:data1\" content=\"4 minutos\" \/>\n<!-- \/ Yoast SEO plugin. -->","yoast_head_json":{"title":"Tooth Colored And Stainless Steel Crowns - A+ Dental","robots":{"index":"index","follow":"follow","max-snippet":"max-snippet:-1","max-image-preview":"max-image-preview:large","max-video-preview":"max-video-preview:-1"},"canonical":"https:\/\/www.aplusdentalkids.com\/es\/services\/tooth-colored-and-stainless-steel-crowns\/","og_locale":"es_MX","og_type":"article","og_title":"Tooth Colored And Stainless Steel Crowns - A+ Dental","og_url":"https:\/\/www.aplusdentalkids.com\/es\/services\/tooth-colored-and-stainless-steel-crowns\/","og_site_name":"A+ Dental","article_publisher":"https:\/\/www.facebook.com\/aplusdentalkids\/","article_modified_time":"2025-05-30T19:45:12+00:00","twitter_card":"summary_large_image","twitter_misc":{"Tiempo de lectura":"4 minutos"},"schema":{"@context":"https:\/\/schema.org","@graph":[{"@type":"WebPage","@id":"https:\/\/www.aplusdentalkids.com\/services\/tooth-colored-and-stainless-steel-crowns\/","url":"https:\/\/www.aplusdentalkids.com\/services\/tooth-colored-and-stainless-steel-crowns\/","name":"Tooth Colored And Stainless Steel Crowns - A+ Dental","isPartOf":{"@id":"https:\/\/www.aplusdentalkids.com\/#website"},"datePublished":"2019-02-12T20:40:14+00:00","dateModified":"2025-05-30T19:45:12+00:00","breadcrumb":{"@id":"https:\/\/www.aplusdentalkids.com\/services\/tooth-colored-and-stainless-steel-crowns\/#breadcrumb"},"inLanguage":"es","potentialAction":[{"@type":"ReadAction","target":["https:\/\/www.aplusdentalkids.com\/services\/tooth-colored-and-stainless-steel-crowns\/"]}]},{"@type":"BreadcrumbList","@id":"https:\/\/www.aplusdentalkids.com\/services\/tooth-colored-and-stainless-steel-crowns\/#breadcrumb","itemListElement":[{"@type":"ListItem","position":1,"name":"Home","item":"https:\/\/www.aplusdentalkids.com\/"},{"@type":"ListItem","position":2,"name":"Services","item":"https:\/\/www.aplusdentalkids.com\/services\/"},{"@type":"ListItem","position":3,"name":"Tooth Colored And Stainless Steel Crowns"}]},{"@type":"WebSite","@id":"https:\/\/www.aplusdentalkids.com\/#website","url":"https:\/\/www.aplusdentalkids.com\/","name":"A+ Dental","description":"Houston Pediatric Specialists","publisher":{"@id":"https:\/\/www.aplusdentalkids.com\/#organization"},"potentialAction":[{"@type":"SearchAction","target":{"@type":"EntryPoint","urlTemplate":"https:\/\/www.aplusdentalkids.com\/?s={search_term_string}"},"query-input":{"@type":"PropertyValueSpecification","valueRequired":true,"valueName":"search_term_string"}}],"inLanguage":"es"},{"@type":"Organization","@id":"https:\/\/www.aplusdentalkids.com\/#organization","name":"A+ Dental","url":"https:\/\/www.aplusdentalkids.com\/","logo":{"@type":"ImageObject","inLanguage":"es","@id":"https:\/\/www.aplusdentalkids.com\/#\/schema\/logo\/image\/","url":"https:\/\/www.aplusdentalkids.com\/wp-content\/uploads\/2021\/09\/cropped-Final-logo-jpg-1.png","contentUrl":"https:\/\/www.aplusdentalkids.com\/wp-content\/uploads\/2021\/09\/cropped-Final-logo-jpg-1.png","width":1366,"height":621,"caption":"A+ Dental"},"image":{"@id":"https:\/\/www.aplusdentalkids.com\/#\/schema\/logo\/image\/"},"sameAs":["https:\/\/www.facebook.com\/aplusdentalkids\/"]}]}},"_links":{"self":[{"href":"https:\/\/www.aplusdentalkids.com\/es\/wp-json\/wp\/v2\/pages\/8542","targetHints":{"allow":["GET"]}}],"collection":[{"href":"https:\/\/www.aplusdentalkids.com\/es\/wp-json\/wp\/v2\/pages"}],"about":[{"href":"https:\/\/www.aplusdentalkids.com\/es\/wp-json\/wp\/v2\/types\/page"}],"author":[{"embeddable":true,"href":"https:\/\/www.aplusdentalkids.com\/es\/wp-json\/wp\/v2\/users\/1"}],"replies":[{"embeddable":true,"href":"https:\/\/www.aplusdentalkids.com\/es\/wp-json\/wp\/v2\/comments?post=8542"}],"version-history":[{"count":9,"href":"https:\/\/www.aplusdentalkids.com\/es\/wp-json\/wp\/v2\/pages\/8542\/revisions"}],"predecessor-version":[{"id":14321,"href":"https:\/\/www.aplusdentalkids.com\/es\/wp-json\/wp\/v2\/pages\/8542\/revisions\/14321"}],"up":[{"embeddable":true,"href":"https:\/\/www.aplusdentalkids.com\/es\/wp-json\/wp\/v2\/pages\/7970"}],"wp:attachment":[{"href":"https:\/\/www.aplusdentalkids.com\/es\/wp-json\/wp\/v2\/media?parent=8542"}],"curies":[{"name":"wp","href":"https:\/\/api.w.org\/{rel}","templated":true}]}}