{"id":8607,"date":"2019-02-16T01:11:05","date_gmt":"2019-02-16T01:11:05","guid":{"rendered":"https:\/\/www.aplusdentalkids.com\/?page_id=8607"},"modified":"2025-05-30T14:02:28","modified_gmt":"2025-05-30T20:02:28","slug":"fluoride-and-decay-prevention","status":"publish","type":"page","link":"https:\/\/www.aplusdentalkids.com\/es\/patient-education\/fluoride-and-decay-prevention\/","title":{"rendered":"Prevenci\u00f3n del fluoruro y las caries"},"content":{"rendered":"<div class=\"wpb-content-wrapper\"><div data-vc-full-width=\"true\" data-vc-full-width-temp=\"true\" data-vc-full-width-init=\"false\" class=\"vc_row wpb_row vc_row-fluid overflow-visible wpb_animate_when_almost_visible wpb_fadeInDownBig fadeInDownBig vc_custom_1553590278675 vc_row-has-fill vc_column-gap-10 vc_row-o-equal-height vc_row-o-content-middle vc_row-flex\"><div class=\"overflow-visible wpb_column vc_column_container vc_col-sm-5 vc_col-lg-5 vc_col-md-5 vc_col-xs-12\"><div class=\"vc_column-inner vc_custom_1532491764985\"><div class=\"wpb_wrapper\">\n\t<div  class=\"wpb_single_image wpb_content_element vc_align_left wpb_content_element wpb_animate_when_almost_visible wpb_bounceInLeft bounceInLeft\">\n\t\t\n\t\t<figure class=\"wpb_wrapper vc_figure\">\n\t\t\t<div class=\"vc_single_image-wrapper   vc_box_border_grey\"><img fetchpriority=\"high\" decoding=\"async\" width=\"640\" height=\"427\" src=\"https:\/\/www.aplusdentalkids.com\/wp-content\/uploads\/2019\/03\/adorable-boy-child-1688253-1024x683.jpg\" class=\"vc_single_image-img attachment-large\" alt=\"\" title=\"adorable-ni\u00f1o-ni\u00f1o-1688253\" srcset=\"https:\/\/www.aplusdentalkids.com\/wp-content\/uploads\/2019\/03\/adorable-boy-child-1688253-1024x683.jpg 1024w, https:\/\/www.aplusdentalkids.com\/wp-content\/uploads\/2019\/03\/adorable-boy-child-1688253-300x200.jpg 300w, https:\/\/www.aplusdentalkids.com\/wp-content\/uploads\/2019\/03\/adorable-boy-child-1688253-768x512.jpg 768w, https:\/\/www.aplusdentalkids.com\/wp-content\/uploads\/2019\/03\/adorable-boy-child-1688253-600x400.jpg 600w\" sizes=\"(max-width: 640px) 100vw, 640px\" \/><\/div>\n\t\t<\/figure>\n\t<\/div>\n<\/div><\/div><\/div><div class=\"wpb_column vc_column_container vc_col-sm-7 vc_col-lg-7 vc_col-md-7 vc_col-xs-12\"><div class=\"vc_column-inner vc_custom_1532491823493\"><div class=\"wpb_wrapper\"><h2 style=\"font-size: 34px;color: #373737;line-height: 40px;text-align: left\" class=\"vc_custom_heading vc_do_custom_heading font-weight-bold wpb_animate_when_almost_visible wpb_fadeInUp fadeInUp vc_custom_1553589989022\" >\u00bfQu\u00e9 tan seguro es el fluoruro para mi hijo?<\/h2><p style=\"font-size: 20px;color: #373737;line-height: 22px;text-align: left\" class=\"vc_custom_heading vc_do_custom_heading wpb_animate_when_almost_visible wpb_fadeInUp fadeInUp vc_custom_1553589996123\" >Una preocupaci\u00f3n com\u00fan que tienen los padres cuando llevan a sus hijos a A+ Dental es la seguridad del tratamiento con fl\u00faor.<\/p>\n\t<div class=\"wpb_text_column wpb_content_element wpb_animate_when_almost_visible wpb_fadeInUp fadeInUp vc_custom_1554928128123\" >\n\t\t<div class=\"wpb_wrapper\">\n\t\t\t<p>Siempre recomendamos utilizar pasta dental con fl\u00faor y recibir tratamientos con fl\u00faor en cada cita de limpieza. El fluoruro es un mineral que ayuda a prevenir las caries fortaleciendo el esmalte de los dientes. Esto hace que el diente sea menos propenso a las caries, que son causadas por los subproductos \u00e1cidos liberados por las bacterias en la boca.<\/p>\n\n\t\t<\/div>\n\t<\/div>\n<\/div><\/div><\/div><\/div><div class=\"vc_row-full-width vc_clearfix\"><\/div><section class=\"vc_section vc_custom_1531819128261\"><div data-vc-full-width=\"true\" data-vc-full-width-temp=\"true\" data-vc-full-width-init=\"false\" class=\"vc_row wpb_row vc_row-fluid vc_custom_1553589742003 vc_column-gap-20\"><div class=\"wpb_animate_when_almost_visible wpb_fadeInLeft fadeInLeft wpb_column vc_column_container vc_col-sm-7 vc_col-lg-8 vc_col-md-8 vc_col-xs-12\"><div class=\"vc_column-inner vc_custom_1553572654572\"><div class=\"wpb_wrapper\"><h2 style=\"font-size: 34px;color: #373737;line-height: 48px;text-align: left\" class=\"vc_custom_heading vc_do_custom_heading font-weight-bold vc_custom_1553590047815\" >Con fl\u00faor, las caries se pueden reducir hasta en un 70%.<\/h2>\n\t<div class=\"wpb_text_column wpb_content_element vc_custom_1553590061097\" >\n\t\t<div class=\"wpb_wrapper\">\n\t\t\t<p>Desde el primer diente del ni\u00f1o hasta que se le terminan los molares en la adolescencia, el fl\u00faor es una parte integral de la prevenci\u00f3n de las caries. Para los ni\u00f1os muy peque\u00f1os menores de dos a\u00f1os, una peque\u00f1a cantidad de pasta dental fluorada puede ayudar a mantener sus dientes fuertes. A medida que el ni\u00f1o crece, una cantidad del tama\u00f1o de un guisante de pasta dental con fluoruro realmente puede ayudar a prevenir las caries.<\/p>\n\n\t\t<\/div>\n\t<\/div>\n<h2 style=\"font-size: 34px;color: #373737;line-height: 48px;text-align: left\" class=\"vc_custom_heading vc_do_custom_heading font-weight-bold vc_custom_1553590080349\" >\u00bfQui\u00e9n puede beneficiarse del tratamiento con fl\u00faor?<\/h2>\n\t<div class=\"wpb_text_column wpb_content_element vc_custom_1553590100053\" >\n\t\t<div class=\"wpb_wrapper\">\n\t\t\t<p>Los ni\u00f1os cuyos dientes a\u00fan est\u00e1n en desarrollo son los candidatos m\u00e1s ideales para el tratamiento con fl\u00faor. A esta edad, el fl\u00faor se absorber\u00e1 mejor y tendr\u00e1 el resultado m\u00e1s eficaz. A las personas, de cualquier edad, con manchas blancas en los dientes tambi\u00e9n se les recomienda recibir tratamientos con fl\u00faor. Estas manchas blancas son signos de deficiencias minerales por falta de fl\u00faor. En estos casos, los tratamientos con fl\u00faor pueden igualar el tono del diente. Tambi\u00e9n es muy recomendado para pacientes sometidos a tratamientos de ortodoncia. Los aparatos de ortodoncia hacen que los dientes sean m\u00e1s propensos a sufrir caries porque la limpieza es m\u00e1s dif\u00edcil. Puedes aumentar la protecci\u00f3n de tus dientes realizando un tratamiento con fl\u00faor.<\/p>\n\n\t\t<\/div>\n\t<\/div>\n<\/div><\/div><\/div><div class=\"wpb_animate_when_almost_visible wpb_fadeInRight fadeInRight wpb_column vc_column_container vc_col-sm-5 vc_col-lg-4 vc_col-md-4 vc_col-xs-12\"><div class=\"vc_column-inner vc_custom_1553572670689\"><div class=\"wpb_wrapper\"><div class=\"vc_row wpb_row vc_inner vc_row-fluid vc_custom_1531717312838 vc_row-has-fill\"><div class=\"wpb_column vc_column_container vc_col-sm-12\"><div class=\"vc_column-inner vc_custom_1531730594967\"><div class=\"wpb_wrapper\"><h3 style=\"font-size: 24px;color: #193a5e;line-height: 35px;text-align: left\" class=\"vc_custom_heading vc_do_custom_heading font-weight-bold vc_custom_1553588463559\" ><a href=\"https:\/\/www.aplusdentalkids.com\/es\/patient-education\/\" title=\"Educaci\u00f3n del paciente\">Educaci\u00f3n del paciente<\/a><\/h3><!-- radiantthemes-custom-menu --><div class=\"radiantthemes-custom-menu element-one rt1094392087\"    ><ul id=\"menu-patient-education\" class=\"menu rt-mega-menu-transition-default\"><li id=\"menu-item-8694\" class=\"menu-item menu-item-type-post_type menu-item-object-page menu-flyout rt-mega-menu-hover item-8694\"><a  href=\"https:\/\/www.aplusdentalkids.com\/es\/patient-education\/how-to-brush-your-teeth\/\">C\u00f3mo cepillarse los dientes<\/a><\/li>\n<li id=\"menu-item-8695\" class=\"menu-item menu-item-type-post_type menu-item-object-page menu-flyout rt-mega-menu-hover item-8695\"><a  href=\"https:\/\/www.aplusdentalkids.com\/es\/patient-education\/how-to-floss-your-teeth\/\">C\u00f3mo usar hilo dental<\/a><\/li>\n<li id=\"menu-item-8693\" class=\"menu-item menu-item-type-post_type menu-item-object-page menu-flyout rt-mega-menu-hover item-8693\"><a  href=\"https:\/\/www.aplusdentalkids.com\/es\/patient-education\/fluoride-and-decay-prevention\/\">Prevenci\u00f3n del fluoruro y las caries<\/a><\/li>\n<li id=\"menu-item-8692\" class=\"menu-item menu-item-type-post_type menu-item-object-page menu-flyout rt-mega-menu-hover item-8692\"><a  href=\"https:\/\/www.aplusdentalkids.com\/es\/patient-education\/dental-health-and-your-diet\/\">Salud dental y su dieta<\/a><\/li>\n<\/ul><\/div>\r<!-- radiantthemes-custom-menu -->\r<\/div><\/div><\/div><\/div><div class=\"vc_row wpb_row vc_inner vc_row-fluid background-position-right-bottom vc_custom_1531916219608 vc_row-has-fill\"><div class=\"wpb_column vc_column_container vc_col-sm-12\"><div class=\"vc_column-inner vc_custom_1531804552714\"><div class=\"wpb_wrapper\"><h3 style=\"font-size: 24px;color: #ffffff;line-height: 35px;text-align: left\" class=\"vc_custom_heading vc_do_custom_heading font-weight-bold vc_custom_1553565432787\" ><a href=\"https:\/\/www.aplusdentalkids.com\/es\/contact\/\" title=\"Contacta con A+ Odontolog\u00eda Especialistas Pedi\u00e1tricos\">Horas de operaci\u00f3n<\/a><\/h3>\n\t<div class=\"wpb_text_column wpb_content_element font-weight-medium\" >\n\t\t<div class=\"wpb_wrapper\">\n\t\t\t<table class=\"table\">\n<tbody>\n<tr>\n<td><span style=\"color: #ffffff;\">Martes viernes<\/span><\/td>\n<td><span style=\"color: #ffffff;\">11:00 &#8211; 6:00<\/span><\/td>\n<\/tr>\n<tr>\n<td><span style=\"color: #ffffff;\">S\u00e1bado<\/span><\/td>\n<td><span style=\"color: #ffffff;\">10:00 &#8211; 2:00<\/span><\/td>\n<\/tr>\n<tr>\n<td><span style=\"color: #ffffff;\">Domingo Lunes<\/span><\/td>\n<td><span style=\"color: #ffffff;\">Cerrado<\/span><\/td>\n<\/tr>\n<\/tbody>\n<\/table>\n\n\t\t<\/div>\n\t<\/div>\n<\/div><\/div><\/div><\/div><\/div><\/div><\/div><\/div><div class=\"vc_row-full-width vc_clearfix\"><\/div><\/section>\n<\/div>","protected":false},"excerpt":{"rendered":"\u00bfQu\u00e9 tan seguro es el fl\u00faor para mi hijo? Una preocupaci\u00f3n com\u00fan que tienen los padres cuando llevan a sus hijos a A+ Dental es la seguridad del tratamiento con fl\u00faor. Siempre recomendamos usar pasta dental con fl\u00faor y recibir tratamientos con fl\u00faor en cada cita de limpieza. El fl\u00faor es un mineral que ayuda a prevenir las caries al fortalecer el esmalte de los dientes. [...]","protected":false},"author":1,"featured_media":0,"parent":15,"menu_order":3,"comment_status":"closed","ping_status":"closed","template":"","meta":{"om_disable_all_campaigns":false,"_monsterinsights_skip_tracking":false,"_monsterinsights_sitenote_active":false,"_monsterinsights_sitenote_note":"","_monsterinsights_sitenote_category":0,"footnotes":""},"class_list":["post-8607","page","type-page","status-publish","hentry"],"yoast_head":"<!-- This site is optimized with the Yoast SEO plugin v27.6 - https:\/\/yoast.com\/product\/yoast-seo-wordpress\/ -->\n<title>Fluoride and Decay Prevention - A+ Dental<\/title>\n<meta name=\"robots\" content=\"index, follow, max-snippet:-1, max-image-preview:large, max-video-preview:-1\" \/>\n<link rel=\"canonical\" href=\"https:\/\/www.aplusdentalkids.com\/es\/patient-education\/fluoride-and-decay-prevention\/\" \/>\n<meta property=\"og:locale\" content=\"es_MX\" \/>\n<meta property=\"og:type\" content=\"article\" \/>\n<meta property=\"og:title\" content=\"Fluoride and Decay Prevention - A+ Dental\" \/>\n<meta property=\"og:url\" content=\"https:\/\/www.aplusdentalkids.com\/es\/patient-education\/fluoride-and-decay-prevention\/\" \/>\n<meta property=\"og:site_name\" content=\"A+ Dental\" \/>\n<meta property=\"article:publisher\" content=\"https:\/\/www.facebook.com\/aplusdentalkids\/\" \/>\n<meta property=\"article:modified_time\" content=\"2025-05-30T20:02:28+00:00\" \/>\n<meta name=\"twitter:card\" content=\"summary_large_image\" \/>\n<meta name=\"twitter:label1\" content=\"Tiempo de lectura\" \/>\n\t<meta name=\"twitter:data1\" content=\"5 minutos\" \/>\n<!-- \/ Yoast SEO plugin. -->","yoast_head_json":{"title":"Fluoride and Decay Prevention - A+ Dental","robots":{"index":"index","follow":"follow","max-snippet":"max-snippet:-1","max-image-preview":"max-image-preview:large","max-video-preview":"max-video-preview:-1"},"canonical":"https:\/\/www.aplusdentalkids.com\/es\/patient-education\/fluoride-and-decay-prevention\/","og_locale":"es_MX","og_type":"article","og_title":"Fluoride and Decay Prevention - A+ Dental","og_url":"https:\/\/www.aplusdentalkids.com\/es\/patient-education\/fluoride-and-decay-prevention\/","og_site_name":"A+ Dental","article_publisher":"https:\/\/www.facebook.com\/aplusdentalkids\/","article_modified_time":"2025-05-30T20:02:28+00:00","twitter_card":"summary_large_image","twitter_misc":{"Tiempo de lectura":"5 minutos"},"schema":{"@context":"https:\/\/schema.org","@graph":[{"@type":"WebPage","@id":"https:\/\/www.aplusdentalkids.com\/patient-education\/fluoride-and-decay-prevention\/","url":"https:\/\/www.aplusdentalkids.com\/patient-education\/fluoride-and-decay-prevention\/","name":"Fluoride and Decay Prevention - A+ Dental","isPartOf":{"@id":"https:\/\/www.aplusdentalkids.com\/#website"},"datePublished":"2019-02-16T01:11:05+00:00","dateModified":"2025-05-30T20:02:28+00:00","breadcrumb":{"@id":"https:\/\/www.aplusdentalkids.com\/patient-education\/fluoride-and-decay-prevention\/#breadcrumb"},"inLanguage":"es","potentialAction":[{"@type":"ReadAction","target":["https:\/\/www.aplusdentalkids.com\/patient-education\/fluoride-and-decay-prevention\/"]}]},{"@type":"BreadcrumbList","@id":"https:\/\/www.aplusdentalkids.com\/patient-education\/fluoride-and-decay-prevention\/#breadcrumb","itemListElement":[{"@type":"ListItem","position":1,"name":"Home","item":"https:\/\/www.aplusdentalkids.com\/"},{"@type":"ListItem","position":2,"name":"Patient Education","item":"https:\/\/www.aplusdentalkids.com\/patient-education\/"},{"@type":"ListItem","position":3,"name":"Fluoride and Decay Prevention"}]},{"@type":"WebSite","@id":"https:\/\/www.aplusdentalkids.com\/#website","url":"https:\/\/www.aplusdentalkids.com\/","name":"A+ Dental","description":"Houston Pediatric Specialists","publisher":{"@id":"https:\/\/www.aplusdentalkids.com\/#organization"},"potentialAction":[{"@type":"SearchAction","target":{"@type":"EntryPoint","urlTemplate":"https:\/\/www.aplusdentalkids.com\/?s={search_term_string}"},"query-input":{"@type":"PropertyValueSpecification","valueRequired":true,"valueName":"search_term_string"}}],"inLanguage":"es"},{"@type":"Organization","@id":"https:\/\/www.aplusdentalkids.com\/#organization","name":"A+ Dental","url":"https:\/\/www.aplusdentalkids.com\/","logo":{"@type":"ImageObject","inLanguage":"es","@id":"https:\/\/www.aplusdentalkids.com\/#\/schema\/logo\/image\/","url":"https:\/\/www.aplusdentalkids.com\/wp-content\/uploads\/2021\/09\/cropped-Final-logo-jpg-1.png","contentUrl":"https:\/\/www.aplusdentalkids.com\/wp-content\/uploads\/2021\/09\/cropped-Final-logo-jpg-1.png","width":1366,"height":621,"caption":"A+ Dental"},"image":{"@id":"https:\/\/www.aplusdentalkids.com\/#\/schema\/logo\/image\/"},"sameAs":["https:\/\/www.facebook.com\/aplusdentalkids\/"]}]}},"_links":{"self":[{"href":"https:\/\/www.aplusdentalkids.com\/es\/wp-json\/wp\/v2\/pages\/8607","targetHints":{"allow":["GET"]}}],"collection":[{"href":"https:\/\/www.aplusdentalkids.com\/es\/wp-json\/wp\/v2\/pages"}],"about":[{"href":"https:\/\/www.aplusdentalkids.com\/es\/wp-json\/wp\/v2\/types\/page"}],"author":[{"embeddable":true,"href":"https:\/\/www.aplusdentalkids.com\/es\/wp-json\/wp\/v2\/users\/1"}],"replies":[{"embeddable":true,"href":"https:\/\/www.aplusdentalkids.com\/es\/wp-json\/wp\/v2\/comments?post=8607"}],"version-history":[{"count":6,"href":"https:\/\/www.aplusdentalkids.com\/es\/wp-json\/wp\/v2\/pages\/8607\/revisions"}],"predecessor-version":[{"id":14329,"href":"https:\/\/www.aplusdentalkids.com\/es\/wp-json\/wp\/v2\/pages\/8607\/revisions\/14329"}],"up":[{"embeddable":true,"href":"https:\/\/www.aplusdentalkids.com\/es\/wp-json\/wp\/v2\/pages\/15"}],"wp:attachment":[{"href":"https:\/\/www.aplusdentalkids.com\/es\/wp-json\/wp\/v2\/media?parent=8607"}],"curies":[{"name":"wp","href":"https:\/\/api.w.org\/{rel}","templated":true}]}}