{"id":9119,"date":"2019-07-08T17:20:20","date_gmt":"2019-07-08T17:20:20","guid":{"rendered":"https:\/\/www.aplusdentalkids.com\/?page_id=9119"},"modified":"2019-07-08T17:44:27","modified_gmt":"2019-07-08T17:44:27","slug":"kids-dentist-northside-houston-tx","status":"publish","type":"page","link":"https:\/\/www.aplusdentalkids.com\/es\/areas-we-serve\/kids-dentist-northside-houston-tx\/","title":{"rendered":"Dentista local para ni\u00f1os en Northside, Houston TX"},"content":{"rendered":"<div class=\"wpb-content-wrapper\"><div class=\"vc_row wpb_row vc_row-fluid\"><div class=\"wpb_column vc_column_container vc_col-sm-12\"><div class=\"vc_column-inner vc_custom_1561135150659\"><div class=\"wpb_wrapper\">\n\t<div class=\"wpb_text_column wpb_content_element\" >\n\t\t<div class=\"wpb_wrapper\">\n\t\t\t<h1>Su dentista infantil local de Northside Houston<\/h1>\n<h4>Sobre A+ Dental Especialistas Pedi\u00e1tricos<\/h4>\n\n\t\t<\/div>\n\t<\/div>\n<\/div><\/div><\/div><\/div><div class=\"vc_row wpb_row vc_row-fluid\"><div class=\"wpb_column vc_column_container vc_col-sm-6\"><div class=\"vc_column-inner\"><div class=\"wpb_wrapper\">\n\t<div class=\"wpb_text_column wpb_content_element\" >\n\t\t<div class=\"wpb_wrapper\">\n\t\t\t<p><span style=\"font-weight: 400;\">Aqu\u00ed en A+ Dental Pediatric Specialists, somos un equipo de dentistas experimentados y altamente capacitados que brindan servicios dentales para beb\u00e9s y ni\u00f1os. La atenci\u00f3n dental temprana es vital cuando se trata de la salud a largo plazo de su hijo, por lo que es importante encontrar un dentista infantil de Northside Houston con el que pueda contar. Puede estar seguro de que este es el caso cuando utiliza nuestro servicio.<\/span><\/p>\n<p>&nbsp;<\/p>\n<p><span style=\"font-weight: 400;\">En nuestra pr\u00e1ctica, estamos comprometidos a garantizar que los ni\u00f1os se sientan c\u00f3modos y que su primera experiencia dental sea positiva. Con nuestra asistencia y asesoramiento, podr\u00e1 asegurarse de que su hijo no experimente ning\u00fan problema dental en el futuro. Esto no s\u00f3lo significa menos angustia para su hijo, que obviamente es el factor m\u00e1s importante, sino que tambi\u00e9n significa que usted tendr\u00e1 que gastar menos en servicios dentales y, por lo tanto, tambi\u00e9n tendr\u00e1 m\u00e1s dinero en su bolsillo.<\/span><\/p>\n<p>&nbsp;<\/p>\n<p><span style=\"font-weight: 400;\">Con nuestro nivel de experiencia y reputaci\u00f3n en la industria, puede tener total tranquilidad al elegir a A+ Dental Pediatric Specialists como su dentista infantil en Northside Houston. Si desea saber m\u00e1s sobre el servicio que ofrecemos, no dude en ponerse en contacto.<\/span><\/p>\n\n\t\t<\/div>\n\t<\/div>\n<\/div><\/div><\/div><div class=\"wpb_column vc_column_container vc_col-sm-6\"><div class=\"vc_column-inner\"><div class=\"wpb_wrapper\">\n\t<div  class=\"wpb_single_image wpb_content_element vc_align_left wpb_content_element\">\n\t\t\n\t\t<figure class=\"wpb_wrapper vc_figure\">\n\t\t\t<div class=\"vc_single_image-wrapper   vc_box_border_grey\"><img fetchpriority=\"high\" decoding=\"async\" width=\"640\" height=\"481\" src=\"https:\/\/www.aplusdentalkids.com\/wp-content\/uploads\/2019\/04\/office-staff-1024x769.jpg\" class=\"vc_single_image-img attachment-large\" alt=\"dentist office staff\" title=\"personal de oficina\" srcset=\"https:\/\/www.aplusdentalkids.com\/wp-content\/uploads\/2019\/04\/office-staff-1024x769.jpg 1024w, https:\/\/www.aplusdentalkids.com\/wp-content\/uploads\/2019\/04\/office-staff-300x225.jpg 300w, https:\/\/www.aplusdentalkids.com\/wp-content\/uploads\/2019\/04\/office-staff-768x577.jpg 768w, https:\/\/www.aplusdentalkids.com\/wp-content\/uploads\/2019\/04\/office-staff-600x451.jpg 600w, https:\/\/www.aplusdentalkids.com\/wp-content\/uploads\/2019\/04\/office-staff.jpg 1930w\" sizes=\"(max-width: 640px) 100vw, 640px\" \/><\/div>\n\t\t<\/figure>\n\t<\/div>\n<\/div><\/div><\/div><\/div><div class=\"vc_row wpb_row vc_row-fluid\"><div class=\"wpb_column vc_column_container vc_col-sm-12\"><div class=\"vc_column-inner\"><div class=\"wpb_wrapper\">\n\t<div class=\"wpb_text_column wpb_content_element\" >\n\t\t<div class=\"wpb_wrapper\">\n\t\t\t<h2><b>Sobre Northside, Houston TX <\/b><\/h2>\n<p><span style=\"font-weight: 400;\">Northside es un distrito de Houston, Texas. Est\u00e1 situado dentro del distrito administrativo de Greater Northside. Fue creado en 2006 cuando entr\u00f3 en vigor el Cap\u00edtulo 3812 del C\u00f3digo de Leyes Locales de Distritos Especiales de Texas.<\/span><\/p>\n<p><span style=\"font-weight: 400;\">La sede del distrito es 6219 Irvington Boulevard. Hay varios complejos de viviendas diferentes en el \u00e1rea, incluidos los complejos de viviendas Oxford Place, Irvinton Village, Heatherbrook Apartments y Fulton Village, todos operados por la Autoridad de Vivienda de Houston (HHA).<\/span><\/p>\n<p><span style=\"font-weight: 400;\">Tambi\u00e9n hay varias instituciones educativas diferentes. Esto incluye la Universidad de Houston-Downtown y el Houston Community College. Aparte de esto, hay numerosas escuelas p\u00fablicas, incluidas dos escuelas secundarias zonales de HISD. La Biblioteca P\u00fablica de Houston tambi\u00e9n se puede encontrar aqu\u00ed.<\/span><\/p>\n<p><span style=\"font-weight: 400;\">Moverse es f\u00e1cil en Northside, Houston, gracias al METRO que opera en la zona. Este es un servicio de autob\u00fas, cuyo centro es el Northline Transit Center. Aqu\u00ed hay cuatro paradas de autob\u00fas, adem\u00e1s de aparcamientos para bicicletas, un and\u00e9n cubierto, bancos, m\u00e1quinas expendedoras de peri\u00f3dicos y un quiosco de informaci\u00f3n.<\/span><\/p>\n<p><span style=\"font-weight: 400;\">La principal avenida comercial de la zona es un tramo de Fulton Street, conocido como Fulton Corridor. Aqu\u00ed encontrar\u00e1 muchas cadenas importantes. Esto incluye Walgreens, Rent A Center, Payless ShoeSource, Family Dollar y Auto Zone.<\/span><\/p>\n<p><span style=\"font-weight: 400;\">Tambi\u00e9n es importante tener en cuenta que aqu\u00ed hay varias estaciones de bomberos diferentes, que opera el Departamento de Bomberos de Houston. Tambi\u00e9n se encuentra el Centro de Salud Casa de Amigos del Distrito Hospitalario del Condado de Harris en el \u00e1rea, as\u00ed como la sede del Departamento de Educaci\u00f3n del Condado de Harris.<\/span><\/p>\n\n\t\t<\/div>\n\t<\/div>\n<\/div><\/div><\/div><\/div><div class=\"vc_row wpb_row vc_row-fluid\"><div class=\"wpb_column vc_column_container vc_col-sm-12\"><div class=\"vc_column-inner\"><div class=\"wpb_wrapper\"><div class=\"wpb_gmaps_widget wpb_content_element\"><div class=\"wpb_wrapper\"><div class=\"wpb_map_wraper\"><iframe src=\"https:\/\/www.google.com\/maps\/embed?pb=!1m18!1m12!1m3!1d221438.3838391418!2d-95.52745022580312!3d29.86500209871248!2m3!1f0!2f0!3f0!3m2!1i1024!2i768!4f13.1!3m3!1m2!1s0x8640b88e9e06360f%3A0x562bb6991aee2232!2sNorthside%2C+Houston%2C+TX!5e0!3m2!1sen!2sus!4v1562606284171!5m2!1sen!2sus\" width=\"600\" height=\"450\" frameborder=\"0\" style=\"border:0\" allowfullscreen><\/iframe><\/div><\/div><\/div><\/div><\/div><\/div><\/div>\n<\/div>","protected":false},"excerpt":{"rendered":"Su dentista local para ni\u00f1os en Northside, Houston Acerca de A+ Dental Pediatric Specialists Aqu\u00ed en A+ Dental Pediatric Specialists, somos un equipo de dentistas experimentados y altamente capacitados que brindan servicios dentales para beb\u00e9s y ni\u00f1os. El cuidado dental temprano es vital cuando se trata de la salud a largo plazo de su hijo, por lo que es [...]","protected":false},"author":1,"featured_media":0,"parent":9072,"menu_order":0,"comment_status":"closed","ping_status":"closed","template":"","meta":{"om_disable_all_campaigns":false,"_monsterinsights_skip_tracking":false,"_monsterinsights_sitenote_active":false,"_monsterinsights_sitenote_note":"","_monsterinsights_sitenote_category":0,"footnotes":""},"class_list":["post-9119","page","type-page","status-publish","hentry"],"yoast_head":"<!-- This site is optimized with the Yoast SEO plugin v27.4 - https:\/\/yoast.com\/product\/yoast-seo-wordpress\/ -->\n<title>Local Kids Dentist in Northside, Houston TX - A+ Dental<\/title>\n<meta name=\"robots\" content=\"index, follow, max-snippet:-1, max-image-preview:large, max-video-preview:-1\" \/>\n<link rel=\"canonical\" href=\"https:\/\/www.aplusdentalkids.com\/es\/areas-we-serve\/kids-dentist-northside-houston-tx\/\" \/>\n<meta property=\"og:locale\" content=\"es_MX\" \/>\n<meta property=\"og:type\" content=\"article\" \/>\n<meta property=\"og:title\" content=\"Local Kids Dentist in Northside, Houston TX - A+ Dental\" \/>\n<meta property=\"og:url\" content=\"https:\/\/www.aplusdentalkids.com\/es\/areas-we-serve\/kids-dentist-northside-houston-tx\/\" \/>\n<meta property=\"og:site_name\" content=\"A+ Dental\" \/>\n<meta property=\"article:publisher\" content=\"https:\/\/www.facebook.com\/aplusdentalkids\/\" \/>\n<meta property=\"article:modified_time\" content=\"2019-07-08T17:44:27+00:00\" \/>\n<meta name=\"twitter:card\" content=\"summary_large_image\" \/>\n<meta name=\"twitter:label1\" content=\"Tiempo de lectura\" \/>\n\t<meta name=\"twitter:data1\" content=\"3 minutos\" \/>\n<!-- \/ Yoast SEO plugin. -->","yoast_head_json":{"title":"Local Kids Dentist in Northside, Houston TX - A+ Dental","robots":{"index":"index","follow":"follow","max-snippet":"max-snippet:-1","max-image-preview":"max-image-preview:large","max-video-preview":"max-video-preview:-1"},"canonical":"https:\/\/www.aplusdentalkids.com\/es\/areas-we-serve\/kids-dentist-northside-houston-tx\/","og_locale":"es_MX","og_type":"article","og_title":"Local Kids Dentist in Northside, Houston TX - A+ Dental","og_url":"https:\/\/www.aplusdentalkids.com\/es\/areas-we-serve\/kids-dentist-northside-houston-tx\/","og_site_name":"A+ Dental","article_publisher":"https:\/\/www.facebook.com\/aplusdentalkids\/","article_modified_time":"2019-07-08T17:44:27+00:00","twitter_card":"summary_large_image","twitter_misc":{"Tiempo de lectura":"3 minutos"},"schema":{"@context":"https:\/\/schema.org","@graph":[{"@type":"WebPage","@id":"https:\/\/www.aplusdentalkids.com\/areas-we-serve\/kids-dentist-northside-houston-tx\/","url":"https:\/\/www.aplusdentalkids.com\/areas-we-serve\/kids-dentist-northside-houston-tx\/","name":"Local Kids Dentist in Northside, Houston TX - A+ Dental","isPartOf":{"@id":"https:\/\/www.aplusdentalkids.com\/#website"},"datePublished":"2019-07-08T17:20:20+00:00","dateModified":"2019-07-08T17:44:27+00:00","breadcrumb":{"@id":"https:\/\/www.aplusdentalkids.com\/areas-we-serve\/kids-dentist-northside-houston-tx\/#breadcrumb"},"inLanguage":"es","potentialAction":[{"@type":"ReadAction","target":["https:\/\/www.aplusdentalkids.com\/areas-we-serve\/kids-dentist-northside-houston-tx\/"]}]},{"@type":"BreadcrumbList","@id":"https:\/\/www.aplusdentalkids.com\/areas-we-serve\/kids-dentist-northside-houston-tx\/#breadcrumb","itemListElement":[{"@type":"ListItem","position":1,"name":"Home","item":"https:\/\/www.aplusdentalkids.com\/"},{"@type":"ListItem","position":2,"name":"Areas We Serve!","item":"https:\/\/www.aplusdentalkids.com\/areas-we-serve\/"},{"@type":"ListItem","position":3,"name":"Local Kids Dentist in Northside, Houston TX"}]},{"@type":"WebSite","@id":"https:\/\/www.aplusdentalkids.com\/#website","url":"https:\/\/www.aplusdentalkids.com\/","name":"A+ Dental","description":"Houston Pediatric Specialists","publisher":{"@id":"https:\/\/www.aplusdentalkids.com\/#organization"},"potentialAction":[{"@type":"SearchAction","target":{"@type":"EntryPoint","urlTemplate":"https:\/\/www.aplusdentalkids.com\/?s={search_term_string}"},"query-input":{"@type":"PropertyValueSpecification","valueRequired":true,"valueName":"search_term_string"}}],"inLanguage":"es"},{"@type":"Organization","@id":"https:\/\/www.aplusdentalkids.com\/#organization","name":"A+ Dental","url":"https:\/\/www.aplusdentalkids.com\/","logo":{"@type":"ImageObject","inLanguage":"es","@id":"https:\/\/www.aplusdentalkids.com\/#\/schema\/logo\/image\/","url":"https:\/\/www.aplusdentalkids.com\/wp-content\/uploads\/2021\/09\/cropped-Final-logo-jpg-1.png","contentUrl":"https:\/\/www.aplusdentalkids.com\/wp-content\/uploads\/2021\/09\/cropped-Final-logo-jpg-1.png","width":1366,"height":621,"caption":"A+ Dental"},"image":{"@id":"https:\/\/www.aplusdentalkids.com\/#\/schema\/logo\/image\/"},"sameAs":["https:\/\/www.facebook.com\/aplusdentalkids\/"]}]}},"_links":{"self":[{"href":"https:\/\/www.aplusdentalkids.com\/es\/wp-json\/wp\/v2\/pages\/9119","targetHints":{"allow":["GET"]}}],"collection":[{"href":"https:\/\/www.aplusdentalkids.com\/es\/wp-json\/wp\/v2\/pages"}],"about":[{"href":"https:\/\/www.aplusdentalkids.com\/es\/wp-json\/wp\/v2\/types\/page"}],"author":[{"embeddable":true,"href":"https:\/\/www.aplusdentalkids.com\/es\/wp-json\/wp\/v2\/users\/1"}],"replies":[{"embeddable":true,"href":"https:\/\/www.aplusdentalkids.com\/es\/wp-json\/wp\/v2\/comments?post=9119"}],"version-history":[{"count":5,"href":"https:\/\/www.aplusdentalkids.com\/es\/wp-json\/wp\/v2\/pages\/9119\/revisions"}],"predecessor-version":[{"id":9186,"href":"https:\/\/www.aplusdentalkids.com\/es\/wp-json\/wp\/v2\/pages\/9119\/revisions\/9186"}],"up":[{"embeddable":true,"href":"https:\/\/www.aplusdentalkids.com\/es\/wp-json\/wp\/v2\/pages\/9072"}],"wp:attachment":[{"href":"https:\/\/www.aplusdentalkids.com\/es\/wp-json\/wp\/v2\/media?parent=9119"}],"curies":[{"name":"wp","href":"https:\/\/api.w.org\/{rel}","templated":true}]}}