{"id":9129,"date":"2019-07-08T17:46:16","date_gmt":"2019-07-08T17:46:16","guid":{"rendered":"https:\/\/www.aplusdentalkids.com\/?page_id=9129"},"modified":"2019-07-08T17:46:16","modified_gmt":"2019-07-08T17:46:16","slug":"local-kids-dentist-aldine-houston","status":"publish","type":"page","link":"https:\/\/www.aplusdentalkids.com\/es\/areas-we-serve\/local-kids-dentist-aldine-houston\/","title":{"rendered":"Dentista local para ni\u00f1os en Aldine, Houston"},"content":{"rendered":"<div class=\"wpb-content-wrapper\"><div class=\"vc_row wpb_row vc_row-fluid\"><div class=\"wpb_column vc_column_container vc_col-sm-12\"><div class=\"vc_column-inner vc_custom_1561135150659\"><div class=\"wpb_wrapper\">\n\t<div class=\"wpb_text_column wpb_content_element\" >\n\t\t<div class=\"wpb_wrapper\">\n\t\t\t<h1>Su dentista local para ni\u00f1os de Aldine Houston<\/h1>\n<h4>Sobre A+ Dental Especialistas Pedi\u00e1tricos<\/h4>\n\n\t\t<\/div>\n\t<\/div>\n<\/div><\/div><\/div><\/div><div class=\"vc_row wpb_row vc_row-fluid\"><div class=\"wpb_column vc_column_container vc_col-sm-6\"><div class=\"vc_column-inner\"><div class=\"wpb_wrapper\">\n\t<div class=\"wpb_text_column wpb_content_element\" >\n\t\t<div class=\"wpb_wrapper\">\n\t\t\t<p><span style=\"font-weight: 400;\">Aqu\u00ed en A+ Dental Pediatric Specialists, tenemos muchos a\u00f1os de experiencia cuando se trata de brindar servicios dentales para ni\u00f1os y beb\u00e9s en el \u00e1rea. Sabemos que muchos ni\u00f1os se ponen nerviosos al ir a ver a un dentista de Aldine Houston. Sin embargo, hemos trabajado duro para brindar un ambiente c\u00f3modo para que los ni\u00f1os tengan una experiencia positiva.\u00a0<\/span><\/p>\n<p>&nbsp;<\/p>\n<p><span style=\"font-weight: 400;\">No se puede pasar por alto la importancia de introducir una buena higiene bucal en la vida de su hijo. Esto puede prevenir problemas dentales m\u00e1s adelante en su vida. Esto significar\u00e1 menos dolor y frustraci\u00f3n para su hijo en el futuro. Tambi\u00e9n significar\u00e1 que tendr\u00e1 m\u00e1s dinero en el banco porque no tendr\u00e1 que gastar dinero en costosas citas dentales de emergencia.\u00a0<\/span><\/p>\n<p>&nbsp;<\/p>\n<p><span style=\"font-weight: 400;\">Con la reputaci\u00f3n que hemos logrado construir y los a\u00f1os de experiencia que tiene nuestro equipo, puede estar tranquilo al seleccionar a A+ Dental Pediatric Specialists como su dentista de Aldine Houston. No dude en llamarnos si Le gustar\u00eda reservar una cita para su hijo o si simplemente tiene alguna consulta.\u00a0<\/span><\/p>\n\n\t\t<\/div>\n\t<\/div>\n<\/div><\/div><\/div><div class=\"wpb_column vc_column_container vc_col-sm-6\"><div class=\"vc_column-inner\"><div class=\"wpb_wrapper\">\n\t<div  class=\"wpb_single_image wpb_content_element vc_align_left wpb_content_element\">\n\t\t\n\t\t<figure class=\"wpb_wrapper vc_figure\">\n\t\t\t<div class=\"vc_single_image-wrapper   vc_box_border_grey\"><img fetchpriority=\"high\" decoding=\"async\" width=\"640\" height=\"427\" src=\"https:\/\/www.aplusdentalkids.com\/wp-content\/uploads\/2019\/06\/shutterstock_1241580748.jpg\" class=\"vc_single_image-img attachment-large\" alt=\"\" title=\"persiana_1241580748\" srcset=\"https:\/\/www.aplusdentalkids.com\/wp-content\/uploads\/2019\/06\/shutterstock_1241580748.jpg 1000w, https:\/\/www.aplusdentalkids.com\/wp-content\/uploads\/2019\/06\/shutterstock_1241580748-300x200.jpg 300w, https:\/\/www.aplusdentalkids.com\/wp-content\/uploads\/2019\/06\/shutterstock_1241580748-768x512.jpg 768w, https:\/\/www.aplusdentalkids.com\/wp-content\/uploads\/2019\/06\/shutterstock_1241580748-600x400.jpg 600w\" sizes=\"(max-width: 640px) 100vw, 640px\" \/><\/div>\n\t\t<\/figure>\n\t<\/div>\n<\/div><\/div><\/div><\/div><div class=\"vc_row wpb_row vc_row-fluid\"><div class=\"wpb_column vc_column_container vc_col-sm-12\"><div class=\"vc_column-inner\"><div class=\"wpb_wrapper\">\n\t<div class=\"wpb_text_column wpb_content_element\" >\n\t\t<div class=\"wpb_wrapper\">\n\t\t\t<h2><b>Sobre Aldine, Houston TX<\/b><\/h2>\n<p><span style=\"font-weight: 400;\">Aldine se encuentra en el condado de Harris, Texas. Es un lugar designado por el censo que se encuentra dentro de la jurisdicci\u00f3n extraterritorial de Houston. La comunidad est\u00e1 situada en Farm to Market Road 525, Union Pacific Railroad y Hardy Toll Road. tambi\u00e9n est\u00e1 muy cerca de la segunda instalaci\u00f3n de aviaci\u00f3n m\u00e1s grande del estado; el Aeropuerto Intercontinental George Bush de Houston.\u00a0<\/span><\/p>\n<p>&nbsp;<\/p>\n<p><span style=\"font-weight: 400;\">Hay mucho que ver y hacer en la zona. Esto incluye hacer un viaje al parque Pep Mueller, que se encuentra en 14750 Henry Road. se le dio este nombre hace m\u00e1s de 35 a\u00f1os en honor al ex superintendente de las instalaciones de mantenimiento de puentes, carreteras y campamentos de primavera del Precinto 4, MA &#039;Pep&#039; Mueller. El parque cuenta con un \u00e1rea de juegos para ni\u00f1os, as\u00ed como cuatro palcos de prensa, cuatro campos de juego, un ba\u00f1o y una instalaci\u00f3n de concesi\u00f3n, un pabell\u00f3n de baloncesto y un edificio comunitario.\u00a0<\/span><\/p>\n<p>&nbsp;<\/p>\n<p><span style=\"font-weight: 400;\">Tambi\u00e9n hay varias escuelas p\u00fablicas, colegios comunitarios y bibliotecas p\u00fablicas en el \u00e1rea. En t\u00e9rminos de este \u00faltimo, Adline cuenta con el servicio de la sucursal Aldine de la biblioteca p\u00fablica del condado de Harris. Tambi\u00e9n est\u00e1 el Lone Star College System, as\u00ed como varias escuelas diferentes. Las escuelas primarias incluyen Bussey, Eckert y Carroll en Houston, as\u00ed como Raymond, Reed y Odom en Aldine CDP. El Distrito Escolar Independiente de Aldine presta servicios al CDP, as\u00ed como a gran parte de la comunidad que lo rodea.\u00a0<\/span><\/p>\n<p>&nbsp;<\/p>\n<p><span style=\"font-weight: 400;\">En t\u00e9rminos de servicios p\u00fablicos, el Departamento de Polic\u00eda de Houston atiende la parte de Aldine que se encuentra en la ciudad de Houston. La Divisi\u00f3n de Patrulla del Noreste presta servicios en \u00e1reas al este de Hardy Toll Road. La Divisi\u00f3n de Patrulla Norte presta servicios en las \u00e1reas al oeste de Hardy Toll Road. Aldine Fire &amp; Rescue presta servicios en \u00e1reas dentro del CDP de Aldine. Adem\u00e1s, el Cuerpo de Emergencia del Condado de Harris brinda servicios m\u00e9dicos de emergencia en el \u00e1rea.\u00a0<\/span><\/p>\n\n\t\t<\/div>\n\t<\/div>\n<\/div><\/div><\/div><\/div><div class=\"vc_row wpb_row vc_row-fluid\"><div class=\"wpb_column vc_column_container vc_col-sm-12\"><div class=\"vc_column-inner\"><div class=\"wpb_wrapper\"><div class=\"wpb_gmaps_widget wpb_content_element\"><div class=\"wpb_wrapper\"><div class=\"wpb_map_wraper\"><iframe src=\"https:\/\/www.google.com\/maps\/embed?pb=!1m18!1m12!1m3!1d80542.0724812689!2d-95.42314793301591!3d29.917336097746915!2m3!1f0!2f0!3f0!3m2!1i1024!2i768!4f13.1!3m3!1m2!1s0x8640b634f94e932b%3A0x237fbe5f19d50633!2sAldine%2C+TX!5e0!3m2!1sen!2sus!4v1562607803057!5m2!1sen!2sus\" width=\"600\" height=\"450\" frameborder=\"0\" style=\"border:0\" allowfullscreen><\/iframe><\/div><\/div><\/div><\/div><\/div><\/div><\/div>\n<\/div>","protected":false},"excerpt":{"rendered":"Su dentista local para ni\u00f1os en Aldine, Houston Acerca de A+ Dental Pediatric Specialists En A+ Dental Pediatric Specialists, tenemos muchos a\u00f1os de experiencia en la prestaci\u00f3n de servicios dentales para ni\u00f1os y beb\u00e9s en la zona. Sabemos que muchos ni\u00f1os se ponen nerviosos al ir a ver a un dentista en Aldine, Houston. Sin embargo, [...]","protected":false},"author":1,"featured_media":0,"parent":9072,"menu_order":0,"comment_status":"closed","ping_status":"closed","template":"","meta":{"om_disable_all_campaigns":false,"_monsterinsights_skip_tracking":false,"_monsterinsights_sitenote_active":false,"_monsterinsights_sitenote_note":"","_monsterinsights_sitenote_category":0,"footnotes":""},"class_list":["post-9129","page","type-page","status-publish","hentry"],"yoast_head":"<!-- This site is optimized with the Yoast SEO plugin v27.5 - https:\/\/yoast.com\/product\/yoast-seo-wordpress\/ -->\n<title>Local Kids Dentist Aldine, Houston - A+ Dental<\/title>\n<meta name=\"robots\" content=\"index, follow, max-snippet:-1, max-image-preview:large, max-video-preview:-1\" \/>\n<link rel=\"canonical\" href=\"https:\/\/www.aplusdentalkids.com\/es\/areas-we-serve\/local-kids-dentist-aldine-houston\/\" \/>\n<meta property=\"og:locale\" content=\"es_MX\" \/>\n<meta property=\"og:type\" content=\"article\" \/>\n<meta property=\"og:title\" content=\"Local Kids Dentist Aldine, Houston - A+ Dental\" \/>\n<meta property=\"og:url\" content=\"https:\/\/www.aplusdentalkids.com\/es\/areas-we-serve\/local-kids-dentist-aldine-houston\/\" \/>\n<meta property=\"og:site_name\" content=\"A+ Dental\" \/>\n<meta property=\"article:publisher\" content=\"https:\/\/www.facebook.com\/aplusdentalkids\/\" \/>\n<meta name=\"twitter:card\" content=\"summary_large_image\" \/>\n<meta name=\"twitter:label1\" content=\"Tiempo de lectura\" \/>\n\t<meta name=\"twitter:data1\" content=\"3 minutos\" \/>\n<!-- \/ Yoast SEO plugin. -->","yoast_head_json":{"title":"Local Kids Dentist Aldine, Houston - A+ Dental","robots":{"index":"index","follow":"follow","max-snippet":"max-snippet:-1","max-image-preview":"max-image-preview:large","max-video-preview":"max-video-preview:-1"},"canonical":"https:\/\/www.aplusdentalkids.com\/es\/areas-we-serve\/local-kids-dentist-aldine-houston\/","og_locale":"es_MX","og_type":"article","og_title":"Local Kids Dentist Aldine, Houston - A+ Dental","og_url":"https:\/\/www.aplusdentalkids.com\/es\/areas-we-serve\/local-kids-dentist-aldine-houston\/","og_site_name":"A+ Dental","article_publisher":"https:\/\/www.facebook.com\/aplusdentalkids\/","twitter_card":"summary_large_image","twitter_misc":{"Tiempo de lectura":"3 minutos"},"schema":{"@context":"https:\/\/schema.org","@graph":[{"@type":"WebPage","@id":"https:\/\/www.aplusdentalkids.com\/areas-we-serve\/local-kids-dentist-aldine-houston\/","url":"https:\/\/www.aplusdentalkids.com\/areas-we-serve\/local-kids-dentist-aldine-houston\/","name":"Local Kids Dentist Aldine, Houston - A+ Dental","isPartOf":{"@id":"https:\/\/www.aplusdentalkids.com\/#website"},"datePublished":"2019-07-08T17:46:16+00:00","breadcrumb":{"@id":"https:\/\/www.aplusdentalkids.com\/areas-we-serve\/local-kids-dentist-aldine-houston\/#breadcrumb"},"inLanguage":"es","potentialAction":[{"@type":"ReadAction","target":["https:\/\/www.aplusdentalkids.com\/areas-we-serve\/local-kids-dentist-aldine-houston\/"]}]},{"@type":"BreadcrumbList","@id":"https:\/\/www.aplusdentalkids.com\/areas-we-serve\/local-kids-dentist-aldine-houston\/#breadcrumb","itemListElement":[{"@type":"ListItem","position":1,"name":"Home","item":"https:\/\/www.aplusdentalkids.com\/"},{"@type":"ListItem","position":2,"name":"Areas We Serve!","item":"https:\/\/www.aplusdentalkids.com\/areas-we-serve\/"},{"@type":"ListItem","position":3,"name":"Local Kids Dentist Aldine, Houston"}]},{"@type":"WebSite","@id":"https:\/\/www.aplusdentalkids.com\/#website","url":"https:\/\/www.aplusdentalkids.com\/","name":"A+ Dental","description":"Houston Pediatric Specialists","publisher":{"@id":"https:\/\/www.aplusdentalkids.com\/#organization"},"potentialAction":[{"@type":"SearchAction","target":{"@type":"EntryPoint","urlTemplate":"https:\/\/www.aplusdentalkids.com\/?s={search_term_string}"},"query-input":{"@type":"PropertyValueSpecification","valueRequired":true,"valueName":"search_term_string"}}],"inLanguage":"es"},{"@type":"Organization","@id":"https:\/\/www.aplusdentalkids.com\/#organization","name":"A+ Dental","url":"https:\/\/www.aplusdentalkids.com\/","logo":{"@type":"ImageObject","inLanguage":"es","@id":"https:\/\/www.aplusdentalkids.com\/#\/schema\/logo\/image\/","url":"https:\/\/www.aplusdentalkids.com\/wp-content\/uploads\/2021\/09\/cropped-Final-logo-jpg-1.png","contentUrl":"https:\/\/www.aplusdentalkids.com\/wp-content\/uploads\/2021\/09\/cropped-Final-logo-jpg-1.png","width":1366,"height":621,"caption":"A+ Dental"},"image":{"@id":"https:\/\/www.aplusdentalkids.com\/#\/schema\/logo\/image\/"},"sameAs":["https:\/\/www.facebook.com\/aplusdentalkids\/"]}]}},"_links":{"self":[{"href":"https:\/\/www.aplusdentalkids.com\/es\/wp-json\/wp\/v2\/pages\/9129","targetHints":{"allow":["GET"]}}],"collection":[{"href":"https:\/\/www.aplusdentalkids.com\/es\/wp-json\/wp\/v2\/pages"}],"about":[{"href":"https:\/\/www.aplusdentalkids.com\/es\/wp-json\/wp\/v2\/types\/page"}],"author":[{"embeddable":true,"href":"https:\/\/www.aplusdentalkids.com\/es\/wp-json\/wp\/v2\/users\/1"}],"replies":[{"embeddable":true,"href":"https:\/\/www.aplusdentalkids.com\/es\/wp-json\/wp\/v2\/comments?post=9129"}],"version-history":[{"count":7,"href":"https:\/\/www.aplusdentalkids.com\/es\/wp-json\/wp\/v2\/pages\/9129\/revisions"}],"predecessor-version":[{"id":9143,"href":"https:\/\/www.aplusdentalkids.com\/es\/wp-json\/wp\/v2\/pages\/9129\/revisions\/9143"}],"up":[{"embeddable":true,"href":"https:\/\/www.aplusdentalkids.com\/es\/wp-json\/wp\/v2\/pages\/9072"}],"wp:attachment":[{"href":"https:\/\/www.aplusdentalkids.com\/es\/wp-json\/wp\/v2\/media?parent=9129"}],"curies":[{"name":"wp","href":"https:\/\/api.w.org\/{rel}","templated":true}]}}