{"id":9206,"date":"2019-11-10T02:10:12","date_gmt":"2019-11-10T02:10:12","guid":{"rendered":"https:\/\/www.aplusdentalkids.com\/?page_id=9206"},"modified":"2019-11-14T04:24:26","modified_gmt":"2019-11-14T04:24:26","slug":"houston-pediatric-dentist-accepting-medicaid","status":"publish","type":"page","link":"https:\/\/www.aplusdentalkids.com\/es\/houston-pediatric-dentist-accepting-medicaid\/","title":{"rendered":"Proveedor excepcional de servicios dentales de Medicaid para ni\u00f1os en Houston."},"content":{"rendered":"<h2 class=\"wp-block-heading\"> \u00bfNecesita un dentista pedi\u00e1trico que acepte Medicaid y CHIP? <\/h2>\n\n\n\n<p>A+ Dental Pediatric Specialists acepta con orgullo la cobertura dental de Medicaid y del Programa de Seguro M\u00e9dico para Ni\u00f1os (CHIP). Hacemos esto para garantizar que todos los ni\u00f1os tengan acceso a la atenci\u00f3n dental que merecen. Nuestro equipo experimentado y profesional se asegurar\u00e1 de que usted comprenda el estado de los dientes de su hijo y lo que debe hacer para mantener una buena salud dental. Esto se debe a que una boca sana proporciona m\u00e1s que una buena sonrisa, viene con beneficios para toda la vida.<\/p>\n\n\n\n<h3 class=\"wp-block-heading\">La oficina que a tus hijos les encantar\u00e1 visitar<\/h3>\n\n\n\n<p>En A+ Dental Pediatric Specialists nos enorgullecemos de la calidad de la atenci\u00f3n que brindamos. Tambi\u00e9n nos esforzamos por brindar el mejor tratamiento para su(s) hijo(s) en todo lo que hacemos. Adem\u00e1s de nuestra atenci\u00f3n excepcional, nos esforzamos por asegurarnos de que su hijo est\u00e9 feliz y c\u00f3modo. Nuestra oficina es una zona donde solo se permiten sonrisas, y tendr\u00e1 que visitarnos para comprobarlo usted mismo.<\/p>\n\n\n\n<p>Si desea m\u00e1s informaci\u00f3n sobre nuestra oficina, visite nuestra <a href=\"https:\/\/www.aplusdentalkids.com\/es\/about-us\/\">Sobre nosotros<\/a> p\u00e1gina. Tambi\u00e9n puedes <a href=\"https:\/\/www.aplusdentalkids.com\/es\/contact\/\">Contacte con nuestra oficina<\/a> \u00a1Con cualquier pregunta o para agendar tu primera cita!<\/p>\n\n\n\n<figure class=\"wp-block-image\"><img fetchpriority=\"high\" decoding=\"async\" width=\"1024\" height=\"1024\" src=\"https:\/\/www.aplusdentalkids.com\/wp-content\/uploads\/2019\/03\/9-1024x1024.png\" alt=\"\" class=\"wp-image-8717\" srcset=\"https:\/\/www.aplusdentalkids.com\/wp-content\/uploads\/2019\/03\/9-1024x1024.png 1024w, https:\/\/www.aplusdentalkids.com\/wp-content\/uploads\/2019\/03\/9-150x150.png 150w, https:\/\/www.aplusdentalkids.com\/wp-content\/uploads\/2019\/03\/9-300x300.png 300w, https:\/\/www.aplusdentalkids.com\/wp-content\/uploads\/2019\/03\/9-768x768.png 768w, https:\/\/www.aplusdentalkids.com\/wp-content\/uploads\/2019\/03\/9-600x600.png 600w, https:\/\/www.aplusdentalkids.com\/wp-content\/uploads\/2019\/03\/9-100x100.png 100w, https:\/\/www.aplusdentalkids.com\/wp-content\/uploads\/2019\/03\/9.png 1080w\" sizes=\"(max-width: 1024px) 100vw, 1024px\" \/><\/figure>","protected":false},"excerpt":{"rendered":"<p>Need A Pediatric Dentist Who Accepts Medicaid And CHIP? A+ Dental Pediatric Specialists proudly accepts Medicaid &amp; Children\u2019s Health Insurance Program (CHIP) dental coverage. We do this to ensure all children have access to the dental care they deserve. Our experienced and professional team will make sure you understand the status of your child\u2019s teeth, [&hellip;]<\/p>","protected":false},"author":5,"featured_media":0,"parent":0,"menu_order":0,"comment_status":"closed","ping_status":"closed","template":"","meta":{"om_disable_all_campaigns":false,"_monsterinsights_skip_tracking":false,"_monsterinsights_sitenote_active":false,"_monsterinsights_sitenote_note":"","_monsterinsights_sitenote_category":0,"footnotes":""},"class_list":["post-9206","page","type-page","status-publish","hentry"],"yoast_head":"<!-- This site is optimized with the Yoast SEO plugin v27.5 - https:\/\/yoast.com\/product\/yoast-seo-wordpress\/ -->\n<title>Exceptional Medicaid Dental provider for Children in Houston. - A+ Dental<\/title>\n<meta name=\"description\" content=\"A+ Dental Pediatric Specialists is proudly accepting Medicaid &amp; CHIP as well as many other insurance plans. Contact us today for more information.\" \/>\n<meta name=\"robots\" content=\"index, follow, max-snippet:-1, max-image-preview:large, max-video-preview:-1\" \/>\n<link rel=\"canonical\" href=\"https:\/\/www.aplusdentalkids.com\/es\/houston-pediatric-dentist-accepting-medicaid\/\" \/>\n<meta property=\"og:locale\" content=\"es_MX\" \/>\n<meta property=\"og:type\" content=\"article\" \/>\n<meta property=\"og:title\" content=\"Exceptional Medicaid Dental provider for Children in Houston. - A+ Dental\" \/>\n<meta property=\"og:description\" content=\"A+ Dental Pediatric Specialists is proudly accepting Medicaid &amp; CHIP as well as many other insurance plans. Contact us today for more information.\" \/>\n<meta property=\"og:url\" content=\"https:\/\/www.aplusdentalkids.com\/es\/houston-pediatric-dentist-accepting-medicaid\/\" \/>\n<meta property=\"og:site_name\" content=\"A+ Dental\" \/>\n<meta property=\"article:publisher\" content=\"https:\/\/www.facebook.com\/aplusdentalkids\/\" \/>\n<meta property=\"article:modified_time\" content=\"2019-11-14T04:24:26+00:00\" \/>\n<meta property=\"og:image\" content=\"https:\/\/www.aplusdentalkids.com\/wp-content\/uploads\/2019\/03\/9-1024x1024.png\" \/>\n<meta name=\"twitter:card\" content=\"summary_large_image\" \/>\n<meta name=\"twitter:label1\" content=\"Tiempo de lectura\" \/>\n\t<meta name=\"twitter:data1\" content=\"1 minuto\" \/>\n<!-- \/ Yoast SEO plugin. -->","yoast_head_json":{"title":"Exceptional Medicaid Dental provider for Children in Houston. - A+ Dental","description":"A+ Dental Pediatric Specialists is proudly accepting Medicaid & CHIP as well as many other insurance plans. Contact us today for more information.","robots":{"index":"index","follow":"follow","max-snippet":"max-snippet:-1","max-image-preview":"max-image-preview:large","max-video-preview":"max-video-preview:-1"},"canonical":"https:\/\/www.aplusdentalkids.com\/es\/houston-pediatric-dentist-accepting-medicaid\/","og_locale":"es_MX","og_type":"article","og_title":"Exceptional Medicaid Dental provider for Children in Houston. - A+ Dental","og_description":"A+ Dental Pediatric Specialists is proudly accepting Medicaid & CHIP as well as many other insurance plans. Contact us today for more information.","og_url":"https:\/\/www.aplusdentalkids.com\/es\/houston-pediatric-dentist-accepting-medicaid\/","og_site_name":"A+ Dental","article_publisher":"https:\/\/www.facebook.com\/aplusdentalkids\/","article_modified_time":"2019-11-14T04:24:26+00:00","og_image":[{"url":"https:\/\/www.aplusdentalkids.com\/wp-content\/uploads\/2019\/03\/9-1024x1024.png","type":"","width":"","height":""}],"twitter_card":"summary_large_image","twitter_misc":{"Tiempo de lectura":"1 minuto"},"schema":{"@context":"https:\/\/schema.org","@graph":[{"@type":"WebPage","@id":"https:\/\/www.aplusdentalkids.com\/houston-pediatric-dentist-accepting-medicaid\/","url":"https:\/\/www.aplusdentalkids.com\/houston-pediatric-dentist-accepting-medicaid\/","name":"Exceptional Medicaid Dental provider for Children in Houston. - A+ Dental","isPartOf":{"@id":"https:\/\/www.aplusdentalkids.com\/#website"},"primaryImageOfPage":{"@id":"https:\/\/www.aplusdentalkids.com\/houston-pediatric-dentist-accepting-medicaid\/#primaryimage"},"image":{"@id":"https:\/\/www.aplusdentalkids.com\/houston-pediatric-dentist-accepting-medicaid\/#primaryimage"},"thumbnailUrl":"https:\/\/www.aplusdentalkids.com\/wp-content\/uploads\/2019\/03\/9-1024x1024.png","datePublished":"2019-11-10T02:10:12+00:00","dateModified":"2019-11-14T04:24:26+00:00","description":"A+ Dental Pediatric Specialists is proudly accepting Medicaid & CHIP as well as many other insurance plans. Contact us today for more information.","breadcrumb":{"@id":"https:\/\/www.aplusdentalkids.com\/houston-pediatric-dentist-accepting-medicaid\/#breadcrumb"},"inLanguage":"es","potentialAction":[{"@type":"ReadAction","target":["https:\/\/www.aplusdentalkids.com\/houston-pediatric-dentist-accepting-medicaid\/"]}]},{"@type":"ImageObject","inLanguage":"es","@id":"https:\/\/www.aplusdentalkids.com\/houston-pediatric-dentist-accepting-medicaid\/#primaryimage","url":"https:\/\/www.aplusdentalkids.com\/wp-content\/uploads\/2019\/03\/9-1024x1024.png","contentUrl":"https:\/\/www.aplusdentalkids.com\/wp-content\/uploads\/2019\/03\/9-1024x1024.png"},{"@type":"BreadcrumbList","@id":"https:\/\/www.aplusdentalkids.com\/houston-pediatric-dentist-accepting-medicaid\/#breadcrumb","itemListElement":[{"@type":"ListItem","position":1,"name":"Home","item":"https:\/\/www.aplusdentalkids.com\/"},{"@type":"ListItem","position":2,"name":"Exceptional Medicaid Dental provider for Children in Houston."}]},{"@type":"WebSite","@id":"https:\/\/www.aplusdentalkids.com\/#website","url":"https:\/\/www.aplusdentalkids.com\/","name":"A+ Dental","description":"Houston Pediatric Specialists","publisher":{"@id":"https:\/\/www.aplusdentalkids.com\/#organization"},"potentialAction":[{"@type":"SearchAction","target":{"@type":"EntryPoint","urlTemplate":"https:\/\/www.aplusdentalkids.com\/?s={search_term_string}"},"query-input":{"@type":"PropertyValueSpecification","valueRequired":true,"valueName":"search_term_string"}}],"inLanguage":"es"},{"@type":"Organization","@id":"https:\/\/www.aplusdentalkids.com\/#organization","name":"A+ Dental","url":"https:\/\/www.aplusdentalkids.com\/","logo":{"@type":"ImageObject","inLanguage":"es","@id":"https:\/\/www.aplusdentalkids.com\/#\/schema\/logo\/image\/","url":"https:\/\/www.aplusdentalkids.com\/wp-content\/uploads\/2021\/09\/cropped-Final-logo-jpg-1.png","contentUrl":"https:\/\/www.aplusdentalkids.com\/wp-content\/uploads\/2021\/09\/cropped-Final-logo-jpg-1.png","width":1366,"height":621,"caption":"A+ Dental"},"image":{"@id":"https:\/\/www.aplusdentalkids.com\/#\/schema\/logo\/image\/"},"sameAs":["https:\/\/www.facebook.com\/aplusdentalkids\/"]}]}},"_links":{"self":[{"href":"https:\/\/www.aplusdentalkids.com\/es\/wp-json\/wp\/v2\/pages\/9206","targetHints":{"allow":["GET"]}}],"collection":[{"href":"https:\/\/www.aplusdentalkids.com\/es\/wp-json\/wp\/v2\/pages"}],"about":[{"href":"https:\/\/www.aplusdentalkids.com\/es\/wp-json\/wp\/v2\/types\/page"}],"author":[{"embeddable":true,"href":"https:\/\/www.aplusdentalkids.com\/es\/wp-json\/wp\/v2\/users\/5"}],"replies":[{"embeddable":true,"href":"https:\/\/www.aplusdentalkids.com\/es\/wp-json\/wp\/v2\/comments?post=9206"}],"version-history":[{"count":7,"href":"https:\/\/www.aplusdentalkids.com\/es\/wp-json\/wp\/v2\/pages\/9206\/revisions"}],"predecessor-version":[{"id":9226,"href":"https:\/\/www.aplusdentalkids.com\/es\/wp-json\/wp\/v2\/pages\/9206\/revisions\/9226"}],"wp:attachment":[{"href":"https:\/\/www.aplusdentalkids.com\/es\/wp-json\/wp\/v2\/media?parent=9206"}],"curies":[{"name":"wp","href":"https:\/\/api.w.org\/{rel}","templated":true}]}}